{"id":25432,"date":"2017-03-03T12:30:20","date_gmt":"2017-03-03T12:30:20","guid":{"rendered":"http:\/\/rentflatpoland.com\/it\/real-estate-agency-in-warsaw\/"},"modified":"2017-03-24T22:21:16","modified_gmt":"2017-03-24T22:21:16","slug":"agenzia-immobiliare-varsavia","status":"publish","type":"page","link":"https:\/\/rentflatpoland.com\/it\/agenzia-immobiliare-varsavia\/","title":{"rendered":"Agenzia immobiliare Varsavia"},"content":{"rendered":"<p>[vc_row][vc_column]<div id=\"ultimate-heading-922569e109d8c612e\" class=\"uvc-heading ult-adjust-bottom-margin ultimate-heading-922569e109d8c612e uvc-651 \" data-hspacer=\"no_spacer\"  data-halign=\"center\" style=\"text-align:center\"><div class=\"uvc-heading-spacer no_spacer\" style=\"top\"><\/div><div class=\"uvc-main-heading ult-responsive\"  data-ultimate-target='.uvc-heading.ultimate-heading-922569e109d8c612e h2'  data-responsive-json-new='{\"font-size\":\"\",\"line-height\":\"\"}' ><h2 style=\"font-weight:normal;margin-bottom:30px;\">Stai cercando un'Agenzia immobiliare a Varsavia?<\/h2><\/div><div class=\"uvc-sub-heading ult-responsive\"  data-ultimate-target='.uvc-heading.ultimate-heading-922569e109d8c612e .uvc-sub-heading '  data-responsive-json-new='{\"font-size\":\"\",\"line-height\":\"\"}'  style=\"font-weight:normal;margin-bottom:30px;\"><\/p>\n<p style=\"text-align: justify;\"><span style=\"font-size: 12pt;\">Stai traslocando a Varsavia o semplicemente stai cercando una casa pi\u00f9 bella dove vivere? RentflatPOLAND \u00e8 la prima piattaforma immobiliare creata da stranieri per gli stranieri. Cosa c&#8217;\u00e8 di pi\u00f9, siamo il team di una fantastica agenzia immobiliare a Varsavia.<\/span><\/p>\n<p style=\"text-align: justify;\">La nostra agenzia immobiliare a Varsavia \u00e8 nata nel luglio 2015 perch\u00e9 abbiamo ricevuto sempre pi\u00f9 richieste per la capitale polacca. Abbiamo gi\u00e0 aiutato centinaia di persone provenienti da tutto il mondo con ogni tipo di bisogno e background. Naturalmente, per verificare la qualit\u00e0 dei nostri servizi, puoi dare uno sguardo alle recensioni dei nostri clienti sulla nostra pagina delle testimonianze, o sulla nostra Fanpage.<\/p>\n<p><\/div><\/div><div id=\"ultimate-heading-673469e109d8c6185\" class=\"uvc-heading ult-adjust-bottom-margin ultimate-heading-673469e109d8c6185 uvc-3262 \" data-hspacer=\"no_spacer\"  data-halign=\"center\" style=\"text-align:center\"><div class=\"uvc-heading-spacer no_spacer\" style=\"top\"><\/div><div class=\"uvc-main-heading ult-responsive\"  data-ultimate-target='.uvc-heading.ultimate-heading-673469e109d8c6185 h2'  data-responsive-json-new='{\"font-size\":\"\",\"line-height\":\"\"}' ><h2 style=\"font-weight:normal;margin-bottom:25px;\">Hai a disposizione due opzioni:<\/h2><\/div><\/div><div class=\"smile_icon_list_wrap ult_info_list_container ult-adjust-bottom-margin   info_list\"><ul class=\"smile_icon_list top square with_bg\"><li class=\"icon_list_item\" style=\" font-size:72px;\"><div class=\"icon_list_icon\" data-animation=\"\" data-animation-delay=\"03\" style=\"font-size:24px;border-width:1px;border-style:dashed;background:#ffffff;color:#dd3333;border-color:#dd3333;\"><i class=\"Defaults-ok-sign\" ><\/i><\/div><div class=\"icon_description\" id=\"Info-list-wrap-8927\" style=\"font-size:24px;\"><h3 class=\"ult-responsive\"  data-ultimate-target='#Info-list-wrap-8927 h3'  data-responsive-json-new='{\"font-size\":\"desktop:16px;\",\"line-height\":\"desktop:24px;\"}'  style=\"\">Opzione 1: servizi classici<\/h3><div class=\"icon_description_text ult-responsive\"  data-ultimate-target='#Info-list-wrap-8927 .icon_description_text'  data-responsive-json-new='{\"font-size\":\"desktop:13px;\",\"line-height\":\"desktop:18px;\"}'  style=\"\"><p style=\"text-align: justify;\">Ci contatti via e-mail, chat online, o telefono, ci spieghi le tue necessit\u00e0 e noi ti invieremo le nostre offerte di affitto. Poi, se l&#8217;appartamento ti piace, fissiamo un appuntamento per andarlo a vedere. Alla fine, quando avrai preso la tua decisione definitiva, prepareremo tutto dalla A alla Z (contratto di locazione e protocollo in inglese e polacco, traduzione durante l&#8217;appuntamento ecc&#8230;)<\/p>\n<\/div><\/div><div class=\"icon_list_connector\" data-animation=\"fadeInLeft\" data-animation-delay=\"03\" style=\"border-top-width: 1px;border-top-style: dashed;border-color: #333333;\"><\/div><\/li><li class=\"icon_list_item\" style=\" font-size:72px;\"><div class=\"icon_list_icon\" data-animation=\"\" data-animation-delay=\"03\" style=\"font-size:24px;border-width:1px;border-style:dashed;background:#ffffff;color:#dd3333;border-color:#dd3333;\"><i class=\"Defaults-check\" ><\/i><\/div><div class=\"icon_description\" id=\"Info-list-wrap-3806\" style=\"font-size:24px;\"><h3 class=\"ult-responsive\"  data-ultimate-target='#Info-list-wrap-3806 h3'  data-responsive-json-new='{\"font-size\":\"desktop:16px;\",\"line-height\":\"desktop:24px;\"}'  style=\"\">Opzione 2: prenotare in anticipo<\/h3><div class=\"icon_description_text ult-responsive\"  data-ultimate-target='#Info-list-wrap-3806 .icon_description_text'  data-responsive-json-new='{\"font-size\":\"desktop:13px;\",\"line-height\":\"desktop:18px;\"}'  style=\"\"><p style=\"text-align: justify;\">Con l&#8217;opzione della prenotazione in anticipo, puoi prenotare il tuo appartamento gi\u00e0 prima di arrivare in Polonia. \u00c8 davvero possibile, e molto semplice grazie alla nostra salda esperienza. Il procedimento \u00e8 simile a quello dell&#8217;opzione 1, con il vantaggio che faremo tutto tramite internet. Puoi trovare pi\u00f9 informazioni qui.<\/p>\n<\/div><\/div><div class=\"icon_list_connector\" data-animation=\"fadeInLeft\" data-animation-delay=\"03\" style=\"border-top-width: 1px;border-top-style: dashed;border-color: #333333;\"><\/div><\/li><\/ul><\/div>[\/vc_column][\/vc_row][vc_row][vc_column width=&#8221;1\/2&#8243;]<div id=\"ultimate-heading-125669e109d8c63af\" class=\"uvc-heading ult-adjust-bottom-margin ultimate-heading-125669e109d8c63af uvc-766 \" data-hspacer=\"no_spacer\"  data-halign=\"center\" style=\"text-align:center\"><div class=\"uvc-heading-spacer no_spacer\" style=\"top\"><\/div><div class=\"uvc-main-heading ult-responsive\"  data-ultimate-target='.uvc-heading.ultimate-heading-125669e109d8c63af h2'  data-responsive-json-new='{\"font-size\":\"\",\"line-height\":\"\"}' ><h2 style=\"font-weight:normal;margin-bottom:20px;\">La vista dal nostro ufficio di Varsavia!<\/h2><\/div><\/div>[vc_column_text]<img class=\"alignnone size-full wp-image-24779\" src=\"http:\/\/rentflatpoland.com\/wp-content\/uploads\/2017\/03\/17036616_10212444542211610_190287537_o.jpg\" alt=\"real estate agency in Warsaw\" width=\"1000\" height=\"1334\" srcset=\"https:\/\/rentflatpoland.com\/wp-content\/uploads\/2017\/03\/17036616_10212444542211610_190287537_o.jpg 1000w, https:\/\/rentflatpoland.com\/wp-content\/uploads\/2017\/03\/17036616_10212444542211610_190287537_o-150x200.jpg 150w, https:\/\/rentflatpoland.com\/wp-content\/uploads\/2017\/03\/17036616_10212444542211610_190287537_o-75x100.jpg 75w, https:\/\/rentflatpoland.com\/wp-content\/uploads\/2017\/03\/17036616_10212444542211610_190287537_o-56x75.jpg 56w\" sizes=\"(max-width: 1000px) 100vw, 1000px\" \/>[\/vc_column_text][\/vc_column][vc_column width=&#8221;1\/2&#8243;][vc_column_text]<\/p>\n<h2>Ti interessa? Assegnaci un incarico adesso! Devi solo completare il modulo.<\/h2>\n<hr \/>\n<div class=\"wpcf7 no-js\" id=\"wpcf7-f24760-o1\" lang=\"en-US\" dir=\"ltr\">\n<div class=\"screen-reader-response\"><p role=\"status\" aria-live=\"polite\" aria-atomic=\"true\"><\/p> <ul><\/ul><\/div>\n<form action=\"\/it\/wp-json\/wp\/v2\/pages\/25432#wpcf7-f24760-o1\" method=\"post\" class=\"wpcf7-form init\" aria-label=\"Contact form\" novalidate=\"novalidate\" data-status=\"init\">\n<div style=\"display: none;\">\n<input type=\"hidden\" name=\"_wpcf7\" value=\"24760\" \/>\n<input type=\"hidden\" name=\"_wpcf7_version\" value=\"5.7.7\" \/>\n<input type=\"hidden\" name=\"_wpcf7_locale\" value=\"en_US\" \/>\n<input type=\"hidden\" name=\"_wpcf7_unit_tag\" value=\"wpcf7-f24760-o1\" \/>\n<input type=\"hidden\" name=\"_wpcf7_container_post\" value=\"0\" \/>\n<input type=\"hidden\" name=\"_wpcf7_posted_data_hash\" value=\"\" \/>\n<\/div>\n<p> How many bedrooms? (required)\n<\/p>\n<p><span class=\"wpcf7-form-control-wrap\" data-name=\"Number\"><input class=\"wpcf7-form-control wpcf7-number wpcf7-validates-as-required wpcf7-validates-as-number\" min=\"1\" max=\"15\" aria-required=\"true\" aria-invalid=\"false\" value=\"1\" type=\"number\" name=\"Number\" \/><\/span>\n<\/p>\n<p> Reason of your stay? (required)\n<\/p>\n<p><span class=\"wpcf7-form-control-wrap\" data-name=\"menu-494\"><select class=\"wpcf7-form-control wpcf7-select wpcf7-validates-as-required\" aria-required=\"true\" aria-invalid=\"false\" name=\"menu-494\"><option value=\"\">&#8212;Please choose an option&#8212;<\/option><option value=\"Job\">Job<\/option><option value=\"Business\">Business<\/option><option value=\"Studies\">Studies<\/option><option value=\"Erasmus Exchange\">Erasmus Exchange<\/option><option value=\"Different\">Different<\/option><\/select><\/span>\n<\/p>\n<p> From when? (required)\n<\/p>\n<p><span class=\"wpcf7-form-control-wrap\" data-name=\"menu-299\"><select class=\"wpcf7-form-control wpcf7-select wpcf7-validates-as-required\" aria-required=\"true\" aria-invalid=\"false\" name=\"menu-299\"><option value=\"\">&#8212;Please choose an option&#8212;<\/option><option value=\"January\">January<\/option><option value=\"February\">February<\/option><option value=\"March\">March<\/option><option value=\"April\">April<\/option><option value=\"May\">May<\/option><option value=\"June\">June<\/option><option value=\"July\">July<\/option><option value=\"August\">August<\/option><option value=\"September\">September<\/option><option value=\"October\">October<\/option><option value=\"November\">November<\/option><option value=\"December\">December<\/option><\/select><\/span>\n<\/p>\n<p> For how long? (required)\n<\/p>\n<p><span class=\"wpcf7-form-control-wrap\" data-name=\"menu-882\"><select class=\"wpcf7-form-control wpcf7-select wpcf7-validates-as-required\" aria-required=\"true\" aria-invalid=\"false\" name=\"menu-882\"><option value=\"\">&#8212;Please choose an option&#8212;<\/option><option value=\"Less than 6 months\">Less than 6 months<\/option><option value=\"6 months to 12 months\">6 months to 12 months<\/option><option value=\"More than 12 months\">More than 12 months<\/option><\/select><\/span>\n<\/p>\n<p> Your name (required)\n<\/p>\n<p><span class=\"wpcf7-form-control-wrap\" data-name=\"your-name\"><input size=\"40\" class=\"wpcf7-form-control wpcf7-text wpcf7-validates-as-required\" aria-required=\"true\" aria-invalid=\"false\" value=\"\" type=\"text\" name=\"your-name\" \/><\/span>\n<\/p>\n<p> Your email (required)\n<\/p>\n<p><span class=\"wpcf7-form-control-wrap\" data-name=\"your-email\"><input size=\"40\" class=\"wpcf7-form-control wpcf7-text wpcf7-email wpcf7-validates-as-required wpcf7-validates-as-email\" aria-required=\"true\" aria-invalid=\"false\" value=\"\" type=\"email\" name=\"your-email\" \/><\/span>\n<\/p>\n<p> Your phone number (required)\n<\/p>\n<p><span class=\"wpcf7-form-control-wrap\" data-name=\"tel-443\"><input size=\"40\" class=\"wpcf7-form-control wpcf7-text wpcf7-tel wpcf7-validates-as-required wpcf7-validates-as-tel\" aria-required=\"true\" aria-invalid=\"false\" placeholder=\"\" value=\"\" type=\"tel\" name=\"tel-443\" \/><\/span>\n<\/p>\n<div id=\"cf7sr-69e109d8c816f\" class=\"cf7sr-g-recaptcha\" data-theme=\"light\" data-type=\"image\" data-size=\"normal\" data-sitekey=\"6LeQljAUAAAAAG8lnZdsYveq7hP_CgWM9RXoqbvx\"><\/div><span class=\"wpcf7-form-control-wrap cf7sr-recaptcha\" data-name=\"cf7sr-recaptcha\"><input type=\"hidden\" name=\"cf7sr-recaptcha\" value=\"\" class=\"wpcf7-form-control\"><\/span>\n<\/p>\n<p><input class=\"wpcf7-form-control has-spinner wpcf7-submit\" type=\"submit\" value=\"Send\" \/>\n<\/p><div class=\"wpcf7-response-output\" aria-hidden=\"true\"><\/div>\n<\/form>\n<\/div>\n[\/vc_column_text][\/vc_column][\/vc_row]<\/p>\n","protected":false},"excerpt":{"rendered":"<p>[vc_row][vc_column][\/vc_column][\/vc_row][vc_row][vc_column width=&#8221;1\/2&#8243;][vc_column_text][\/vc_column_text][\/vc_column][vc_column width=&#8221;1\/2&#8243;][vc_column_text] Ti interessa? Assegnaci un incarico adesso! Devi solo completare il modulo. [\/vc_column_text][\/vc_column][\/vc_row]<\/p>\n","protected":false},"author":1,"featured_media":0,"parent":0,"menu_order":0,"comment_status":"closed","ping_status":"closed","template":"","meta":[],"yoast_head":"<!-- This site is optimized with the Yoast SEO Premium plugin v20.3 (Yoast SEO v20.3) - https:\/\/yoast.com\/wordpress\/plugins\/seo\/ -->\n<title>Real Estate Agency in Warsaw: Find your flat now in Warsaw, Poland<\/title>\n<meta name=\"description\" content=\"Looking for a Real Estate Agency in Warsaw? Tell us your need, and we will find the property that matches your criteria! Hire us now!\" \/>\n<meta name=\"robots\" content=\"index, follow, max-snippet:-1, max-image-preview:large, max-video-preview:-1\" \/>\n<link rel=\"canonical\" href=\"https:\/\/rentflatpoland.com\/it\/agenzia-immobiliare-varsavia\/\" \/>\n<meta property=\"og:locale\" content=\"it_IT\" \/>\n<meta property=\"og:type\" content=\"article\" \/>\n<meta property=\"og:title\" content=\"Agenzia immobiliare Varsavia\" \/>\n<meta property=\"og:description\" content=\"Looking for a Real Estate Agency in Warsaw? Tell us your need, and we will find the property that matches your criteria! Hire us now!\" \/>\n<meta property=\"og:url\" content=\"https:\/\/rentflatpoland.com\/it\/agenzia-immobiliare-varsavia\/\" \/>\n<meta property=\"article:publisher\" content=\"https:\/\/www.facebook.com\/rentflatpoland\/\" \/>\n<meta property=\"article:modified_time\" content=\"2017-03-24T22:21:16+00:00\" \/>\n<meta property=\"og:image\" content=\"http:\/\/rentflatpoland.com\/wp-content\/uploads\/2017\/03\/17036616_10212444542211610_190287537_o.jpg\" \/>\n<meta name=\"twitter:label1\" content=\"Est. reading time\" \/>\n\t<meta name=\"twitter:data1\" content=\"2 minuti\" \/>\n<script type=\"application\/ld+json\" class=\"yoast-schema-graph\">{\"@context\":\"https:\/\/schema.org\",\"@graph\":[{\"@type\":\"WebPage\",\"@id\":\"https:\/\/rentflatpoland.com\/it\/agenzia-immobiliare-varsavia\/\",\"url\":\"https:\/\/rentflatpoland.com\/it\/agenzia-immobiliare-varsavia\/\",\"name\":\"Real Estate Agency in Warsaw: Find your flat now in Warsaw, Poland\",\"isPartOf\":{\"@id\":\"https:\/\/rentflatpoland.com\/it\/#website\"},\"datePublished\":\"2017-03-03T12:30:20+00:00\",\"dateModified\":\"2017-03-24T22:21:16+00:00\",\"description\":\"Looking for a Real Estate Agency in Warsaw? Tell us your need, and we will find the property that matches your criteria! Hire us now!\",\"breadcrumb\":{\"@id\":\"https:\/\/rentflatpoland.com\/it\/agenzia-immobiliare-varsavia\/#breadcrumb\"},\"inLanguage\":\"it-IT\",\"potentialAction\":[{\"@type\":\"ReadAction\",\"target\":[\"https:\/\/rentflatpoland.com\/it\/agenzia-immobiliare-varsavia\/\"]}]},{\"@type\":\"BreadcrumbList\",\"@id\":\"https:\/\/rentflatpoland.com\/it\/agenzia-immobiliare-varsavia\/#breadcrumb\",\"itemListElement\":[{\"@type\":\"ListItem\",\"position\":1,\"name\":\"Home\",\"item\":\"https:\/\/rentflatpoland.com\/it\/\"},{\"@type\":\"ListItem\",\"position\":2,\"name\":\"Agenzia immobiliare Varsavia\"}]},{\"@type\":\"WebSite\",\"@id\":\"https:\/\/rentflatpoland.com\/it\/#website\",\"url\":\"https:\/\/rentflatpoland.com\/it\/\",\"name\":\"\",\"description\":\"\",\"potentialAction\":[{\"@type\":\"SearchAction\",\"target\":{\"@type\":\"EntryPoint\",\"urlTemplate\":\"https:\/\/rentflatpoland.com\/it\/?s={search_term_string}\"},\"query-input\":\"required name=search_term_string\"}],\"inLanguage\":\"it-IT\"}]}<\/script>\n<!-- \/ Yoast SEO Premium plugin. -->","yoast_head_json":{"title":"Real Estate Agency in Warsaw: Find your flat now in Warsaw, Poland","description":"Looking for a Real Estate Agency in Warsaw? Tell us your need, and we will find the property that matches your criteria! Hire us now!","robots":{"index":"index","follow":"follow","max-snippet":"max-snippet:-1","max-image-preview":"max-image-preview:large","max-video-preview":"max-video-preview:-1"},"canonical":"https:\/\/rentflatpoland.com\/it\/agenzia-immobiliare-varsavia\/","og_locale":"it_IT","og_type":"article","og_title":"Agenzia immobiliare Varsavia","og_description":"Looking for a Real Estate Agency in Warsaw? Tell us your need, and we will find the property that matches your criteria! Hire us now!","og_url":"https:\/\/rentflatpoland.com\/it\/agenzia-immobiliare-varsavia\/","article_publisher":"https:\/\/www.facebook.com\/rentflatpoland\/","article_modified_time":"2017-03-24T22:21:16+00:00","og_image":[{"url":"http:\/\/rentflatpoland.com\/wp-content\/uploads\/2017\/03\/17036616_10212444542211610_190287537_o.jpg"}],"twitter_misc":{"Est. reading time":"2 minuti"},"schema":{"@context":"https:\/\/schema.org","@graph":[{"@type":"WebPage","@id":"https:\/\/rentflatpoland.com\/it\/agenzia-immobiliare-varsavia\/","url":"https:\/\/rentflatpoland.com\/it\/agenzia-immobiliare-varsavia\/","name":"Real Estate Agency in Warsaw: Find your flat now in Warsaw, Poland","isPartOf":{"@id":"https:\/\/rentflatpoland.com\/it\/#website"},"datePublished":"2017-03-03T12:30:20+00:00","dateModified":"2017-03-24T22:21:16+00:00","description":"Looking for a Real Estate Agency in Warsaw? Tell us your need, and we will find the property that matches your criteria! Hire us now!","breadcrumb":{"@id":"https:\/\/rentflatpoland.com\/it\/agenzia-immobiliare-varsavia\/#breadcrumb"},"inLanguage":"it-IT","potentialAction":[{"@type":"ReadAction","target":["https:\/\/rentflatpoland.com\/it\/agenzia-immobiliare-varsavia\/"]}]},{"@type":"BreadcrumbList","@id":"https:\/\/rentflatpoland.com\/it\/agenzia-immobiliare-varsavia\/#breadcrumb","itemListElement":[{"@type":"ListItem","position":1,"name":"Home","item":"https:\/\/rentflatpoland.com\/it\/"},{"@type":"ListItem","position":2,"name":"Agenzia immobiliare Varsavia"}]},{"@type":"WebSite","@id":"https:\/\/rentflatpoland.com\/it\/#website","url":"https:\/\/rentflatpoland.com\/it\/","name":"","description":"","potentialAction":[{"@type":"SearchAction","target":{"@type":"EntryPoint","urlTemplate":"https:\/\/rentflatpoland.com\/it\/?s={search_term_string}"},"query-input":"required name=search_term_string"}],"inLanguage":"it-IT"}]}},"_links":{"self":[{"href":"https:\/\/rentflatpoland.com\/it\/wp-json\/wp\/v2\/pages\/25432"}],"collection":[{"href":"https:\/\/rentflatpoland.com\/it\/wp-json\/wp\/v2\/pages"}],"about":[{"href":"https:\/\/rentflatpoland.com\/it\/wp-json\/wp\/v2\/types\/page"}],"author":[{"embeddable":true,"href":"https:\/\/rentflatpoland.com\/it\/wp-json\/wp\/v2\/users\/1"}],"replies":[{"embeddable":true,"href":"https:\/\/rentflatpoland.com\/it\/wp-json\/wp\/v2\/comments?post=25432"}],"version-history":[{"count":0,"href":"https:\/\/rentflatpoland.com\/it\/wp-json\/wp\/v2\/pages\/25432\/revisions"}],"wp:attachment":[{"href":"https:\/\/rentflatpoland.com\/it\/wp-json\/wp\/v2\/media?parent=25432"}],"curies":[{"name":"wp","href":"https:\/\/api.w.org\/{rel}","templated":true}]}}