{"id":25237,"date":"2014-02-11T23:09:34","date_gmt":"2014-02-11T23:09:34","guid":{"rendered":"http:\/\/rentflatpoland.com\/it\/contact-us\/"},"modified":"2019-07-29T16:48:15","modified_gmt":"2019-07-29T16:48:15","slug":"contact-us","status":"publish","type":"page","link":"https:\/\/rentflatpoland.com\/it\/contact-us\/","title":{"rendered":"CONTACT US"},"content":{"rendered":"<p>[vc_row][vc_column]<div class=\"spacer\" style=\"height:60px;\"><\/div><div id=\"ultimate-heading-802969d7ba3ec92aa\" class=\"uvc-heading ult-adjust-bottom-margin ultimate-heading-802969d7ba3ec92aa uvc-7896 \" data-hspacer=\"no_spacer\"  data-halign=\"center\" style=\"text-align:center\"><div class=\"uvc-heading-spacer no_spacer\" style=\"top\"><\/div><div class=\"uvc-main-heading ult-responsive\"  data-ultimate-target='.uvc-heading.ultimate-heading-802969d7ba3ec92aa h2'  data-responsive-json-new='{\"font-size\":\"\",\"line-height\":\"\"}' ><h2 style=\"font-weight:normal;margin-bottom:30px;\">Contact us<\/h2><\/div><\/div>[\/vc_column][\/vc_row][vc_row][vc_column width=&#8221;1\/2&#8243;][vc_column_text]<\/p>\n<h3>Contact details<\/h3>\n<p>Question, comment or concern? Our contact form is the best way to get in touch with someone at rentflatPOLAND.<\/p>\n<h3>rentflatPOLAND queries<\/h3>\n<p>contact@rentflatpoland.com<br \/>\nTel:<br \/>\n+48 664 937 338<br \/>\n+48 600 608 735<\/p>\n<h3>National Office<\/h3>\n<p>ul. Koszykowa 49a local 17,<br \/>\n00-659 Warsaw, Poland<br \/>\nTel:<br \/>\n+48 664 937 338<br \/>\n+48 600 608 735<\/p>\n<h3>Headquarters<\/h3>\n<p class=\"p1\">ul. Stawowa 21<br \/>\n91-358 \u0141\u00f3d\u017a, Poland<\/p>\n<p>Tel:<br \/>\n+48 664 937 338<br \/>\n+48 600 608 735[\/vc_column_text][\/vc_column][vc_column width=&#8221;1\/2&#8243;][vc_column_text]\n<div class=\"wpcf7 no-js\" id=\"wpcf7-f13401-o1\" lang=\"en-US\" dir=\"ltr\">\n<div class=\"screen-reader-response\"><p role=\"status\" aria-live=\"polite\" aria-atomic=\"true\"><\/p> <ul><\/ul><\/div>\n<form action=\"\/it\/wp-json\/wp\/v2\/pages\/25237#wpcf7-f13401-o1\" method=\"post\" class=\"wpcf7-form init\" aria-label=\"Contact form\" novalidate=\"novalidate\" data-status=\"init\">\n<div style=\"display: none;\">\n<input type=\"hidden\" name=\"_wpcf7\" value=\"13401\" \/>\n<input type=\"hidden\" name=\"_wpcf7_version\" value=\"5.7.7\" \/>\n<input type=\"hidden\" name=\"_wpcf7_locale\" value=\"en_US\" \/>\n<input type=\"hidden\" name=\"_wpcf7_unit_tag\" value=\"wpcf7-f13401-o1\" \/>\n<input type=\"hidden\" name=\"_wpcf7_container_post\" value=\"0\" \/>\n<input type=\"hidden\" name=\"_wpcf7_posted_data_hash\" value=\"\" \/>\n<\/div>\n<div id=\"cf7md-form\" class=\"cf7md-form\">\n\t\t\t<div class=\"mdc-layout-grid\">\n\t\t\t\t\t\t\t\t\n<\/p>\n\t\t<div class=\"cf7md-item cf7md-text mdc-layout-grid__cell mdc-layout-grid__cell--span-12 mdc-layout-grid__cell--span-12-desktop mdc-layout-grid__cell--span-8-tablet mdc-layout-grid__cell--span-4-mobile\">\n\t\t\t<br \/>\n<span class=\"wpcf7-form-control-wrap\" data-name=\"your-name\"><input size=\"40\" class=\"wpcf7-form-control wpcf7-text wpcf7-validates-as-required\" aria-required=\"true\" aria-invalid=\"false\" value=\"\" type=\"text\" name=\"your-name\" \/><\/span><br \/>\n\t\t\t\t\t\t<div style=\"display: none;\" class=\"cf7md-text-html\">\n\t\t\t\t<div class=\"mdc-textfield\" data-mdc-auto-init=\"MDCTextfield\">\n\t\t\t\t\t<label class=\"mdc-textfield__label\">Your name<\/label>\n\t\t\t\t<\/div>\n\t\t\t<\/div>\n\t\t<\/div>\n\t\t\n\t\t<div class=\"cf7md-item cf7md-text mdc-layout-grid__cell mdc-layout-grid__cell--span-12 mdc-layout-grid__cell--span-12-desktop mdc-layout-grid__cell--span-8-tablet mdc-layout-grid__cell--span-4-mobile\">\n\t\t\t<br \/>\n<span class=\"wpcf7-form-control-wrap\" data-name=\"your-email\"><input size=\"40\" class=\"wpcf7-form-control wpcf7-text wpcf7-email wpcf7-validates-as-required wpcf7-validates-as-email\" aria-required=\"true\" aria-invalid=\"false\" value=\"\" type=\"email\" name=\"your-email\" \/><\/span><br \/>\n\t\t\t\t\t\t<div style=\"display: none;\" class=\"cf7md-text-html\">\n\t\t\t\t<div class=\"mdc-textfield\" data-mdc-auto-init=\"MDCTextfield\">\n\t\t\t\t\t<label class=\"mdc-textfield__label\">Your email<\/label>\n\t\t\t\t<\/div>\n\t\t\t<\/div>\n\t\t<\/div>\n\t\t\n\t\t<div class=\"cf7md-item cf7md-text mdc-layout-grid__cell mdc-layout-grid__cell--span-12 mdc-layout-grid__cell--span-12-desktop mdc-layout-grid__cell--span-8-tablet mdc-layout-grid__cell--span-4-mobile\">\n\t\t\t<br \/>\n<span class=\"wpcf7-form-control-wrap\" data-name=\"tel-583\"><input size=\"40\" class=\"wpcf7-form-control wpcf7-text wpcf7-tel wpcf7-validates-as-required wpcf7-validates-as-tel\" aria-required=\"true\" aria-invalid=\"false\" value=\"\" type=\"tel\" name=\"tel-583\" \/><\/span><br \/>\n\t\t\t\t\t\t<div style=\"display: none;\" class=\"cf7md-text-html\">\n\t\t\t\t<div class=\"mdc-textfield\" data-mdc-auto-init=\"MDCTextfield\">\n\t\t\t\t\t<label class=\"mdc-textfield__label\">Your phone number<\/label>\n\t\t\t\t<\/div>\n\t\t\t<\/div>\n\t\t<\/div>\n\t\t\n\t\t<div class=\"cf7md-item cf7md-textarea mdc-layout-grid__cell mdc-layout-grid__cell--span-12 mdc-layout-grid__cell--span-12-desktop mdc-layout-grid__cell--span-8-tablet mdc-layout-grid__cell--span-4-mobile cf7md-textarea-autosize\">\n\t\t\t<br \/>\n<span class=\"wpcf7-form-control-wrap\" data-name=\"your-message\"><textarea cols=\"40\" rows=\"10\" class=\"wpcf7-form-control wpcf7-textarea wpcf7-validates-as-required\" aria-required=\"true\" aria-invalid=\"false\" name=\"your-message\"><\/textarea><\/span><br \/>\n\t\t\t\t\t\t<div style=\"display: none;\" class=\"cf7md-text-html\">\n\t\t\t\t<div class=\"mdc-textfield mdc-textfield--multiline mdc-textfield--upgraded\" data-mdc-auto-init=\"MDCTextfield\">\n\t\t\t\t\t<label class=\"mdc-textfield__label\">Your message<\/label>\n\t\t\t\t<\/div>\n\t\t\t<\/div>\n\t\t<\/div>\n\t\t\n\t\t<div class=\"cf7md-item cf7md-accept cf7md-is-wpcf7v5 mdc-layout-grid__cell mdc-layout-grid__cell--span-12 mdc-layout-grid__cell--span-12-desktop mdc-layout-grid__cell--span-8-tablet mdc-layout-grid__cell--span-4-mobile\">\n\t\t\t\t\t\t\t<label class=\"cf7md-label cf7md-label--static\">Terms<\/label>\n\t\t\t\t\t\t<br \/>\n<span class=\"wpcf7-form-control-wrap\" data-name=\"acceptance-878\"><span class=\"wpcf7-form-control wpcf7-acceptance\"><span class=\"wpcf7-list-item\"><input type=\"checkbox\" name=\"acceptance-878\" value=\"1\" aria-invalid=\"false\" \/><\/span><\/span><\/span><br \/>\n\t\t\t<label class=\"cf7md-accept-label\">I agree to the <a href='https:\/\/rentflatpoland.com\/approval\/'>Terms & Conditions<\/a><\/label>\n\t\t\t<div style=\"display: none;\" class=\"cf7md-checkbox-html\">\n\t\t\t\t<div class=\"mdc-checkbox__background\">\n\t\t\t\t\t<svg version=\"1.1\"\n\t\t\t\t\t\tclass=\"mdc-checkbox__checkmark\"\n\t\t\t\t\t\txmlns=\"http:\/\/www.w3.org\/2000\/svg\"\n\t\t\t\t\t\tviewBox=\"0 0 24 24\"\n\t\t\t\t\t\txml:space=\"preserve\">\n\t\t\t\t\t\t<path class=\"mdc-checkbox__checkmark__path\"\n\t\t\t\t\t\t\tfill=\"none\"\n\t\t\t\t\t\t\tstroke=\"white\"\n\t\t\t\t\t\t\td=\"M1.73,12.91 8.1,19.28 22.79,4.59\"\/>\n\t\t\t\t\t<\/svg>\n\t\t\t\t\t<div class=\"mdc-checkbox__mixedmark\"><\/div>\n\t\t\t\t<\/div>\n\t\t\t<\/div>\n\t\t\t\t\t<\/div>\n\t\t\n<div id=\"cf7sr-69d7ba3ecbef4\" class=\"cf7sr-g-recaptcha\" data-theme=\"light\" data-type=\"image\" data-size=\"normal\" data-sitekey=\"6LeQljAUAAAAAG8lnZdsYveq7hP_CgWM9RXoqbvx\"><\/div><span class=\"wpcf7-form-control-wrap cf7sr-recaptcha\" data-name=\"cf7sr-recaptcha\"><input type=\"hidden\" name=\"cf7sr-recaptcha\" value=\"\" class=\"wpcf7-form-control\"><\/span>\n\t\t<div class=\"cf7md-item cf7md-submit mdc-layout-grid__cell mdc-layout-grid__cell--span-12 mdc-layout-grid__cell--span-12-desktop mdc-layout-grid__cell--span-8-tablet mdc-layout-grid__cell--span-4-mobile\">\n\t\t\t<br \/>\n<input class=\"wpcf7-form-control has-spinner wpcf7-submit\" type=\"submit\" value=\"Send\" \/><br \/>\n\t\t\t<svg class=\"cf7md-spinner\" width=\"25px\" height=\"25px\" viewBox=\"0 0 66 66\" xmlns=\"http:\/\/www.w3.org\/2000\/svg\">\n\t\t\t\t<circle class=\"cf7md-spinner-path\" fill=\"none\" stroke-width=\"6\" stroke-linecap=\"round\" cx=\"33\" cy=\"33\" r=\"30\"><\/circle>\n\t\t\t<\/svg>\n\t\t<\/div>\n\t\t\n\t\t\t\t\t\t\t<\/div>\n\t\t<\/div><div class=\"wpcf7-response-output\" aria-hidden=\"true\"><\/div>\n<\/form>\n<\/div>\n[\/vc_column_text][\/vc_column][\/vc_row][vc_row][vc_column][\/vc_column][\/vc_row]<\/p>\n","protected":false},"excerpt":{"rendered":"<p>[vc_row][vc_column][\/vc_column][\/vc_row][vc_row][vc_column width=&#8221;1\/2&#8243;][vc_column_text] Contact details Question, comment or concern? Our contact form is the best way to get in touch with someone at rentflatPOLAND. rentflatPOLAND queries contact@rentflatpoland.com Tel: +48 664 937 338 +48 600 608 735 National Office ul. Koszykowa 49a local 17, 00-659 Warsaw, Poland Tel: +48 664 937 338 +48 600 608 735 Headquarters ul. Stawowa 21 91-358 \u0141\u00f3d\u017a, Poland Tel: +48 664 &#8230;<\/p>\n","protected":false},"author":1,"featured_media":0,"parent":0,"menu_order":0,"comment_status":"closed","ping_status":"closed","template":"","meta":[],"yoast_head":"<!-- This site is optimized with the Yoast SEO Premium plugin v20.3 (Yoast SEO v20.3) - https:\/\/yoast.com\/wordpress\/plugins\/seo\/ -->\n<title>CONTACT US<\/title>\n<meta name=\"description\" content=\"Rent a flat, a room or a house in main Polish cities such as Warsaw, Wroclaw, Krakow, Poznan, Gdansk, Lodz and Katowice. Find your home in Poland. %\" \/>\n<meta name=\"robots\" content=\"index, follow, max-snippet:-1, max-image-preview:large, max-video-preview:-1\" \/>\n<link rel=\"canonical\" href=\"https:\/\/rentflatpoland.com\/it\/contact-us\/\" \/>\n<meta property=\"og:locale\" content=\"it_IT\" \/>\n<meta property=\"og:type\" content=\"article\" \/>\n<meta property=\"og:title\" content=\"CONTACT US\" \/>\n<meta property=\"og:description\" content=\"Rent a flat, a room or a house in main Polish cities such as Warsaw, Wroclaw, Krakow, Poznan, Gdansk, Lodz and Katowice. Find your home in Poland. %\" \/>\n<meta property=\"og:url\" content=\"https:\/\/rentflatpoland.com\/it\/contact-us\/\" \/>\n<meta property=\"article:publisher\" content=\"https:\/\/www.facebook.com\/rentflatpoland\/\" \/>\n<meta property=\"article:modified_time\" content=\"2019-07-29T16:48:15+00:00\" \/>\n<meta name=\"twitter:label1\" content=\"Est. reading time\" \/>\n\t<meta name=\"twitter:data1\" content=\"1 minuto\" \/>\n<script type=\"application\/ld+json\" class=\"yoast-schema-graph\">{\"@context\":\"https:\/\/schema.org\",\"@graph\":[{\"@type\":\"WebPage\",\"@id\":\"https:\/\/rentflatpoland.com\/it\/contact-us\/\",\"url\":\"https:\/\/rentflatpoland.com\/it\/contact-us\/\",\"name\":\"CONTACT US\",\"isPartOf\":{\"@id\":\"https:\/\/rentflatpoland.com\/it\/#website\"},\"datePublished\":\"2014-02-11T23:09:34+00:00\",\"dateModified\":\"2019-07-29T16:48:15+00:00\",\"description\":\"Rent a flat, a room or a house in main Polish cities such as Warsaw, Wroclaw, Krakow, Poznan, Gdansk, Lodz and Katowice. Find your home in Poland. %\",\"breadcrumb\":{\"@id\":\"https:\/\/rentflatpoland.com\/it\/contact-us\/#breadcrumb\"},\"inLanguage\":\"it-IT\",\"potentialAction\":[{\"@type\":\"ReadAction\",\"target\":[\"https:\/\/rentflatpoland.com\/it\/contact-us\/\"]}]},{\"@type\":\"BreadcrumbList\",\"@id\":\"https:\/\/rentflatpoland.com\/it\/contact-us\/#breadcrumb\",\"itemListElement\":[{\"@type\":\"ListItem\",\"position\":1,\"name\":\"Home\",\"item\":\"https:\/\/rentflatpoland.com\/it\/\"},{\"@type\":\"ListItem\",\"position\":2,\"name\":\"CONTACT US\"}]},{\"@type\":\"WebSite\",\"@id\":\"https:\/\/rentflatpoland.com\/it\/#website\",\"url\":\"https:\/\/rentflatpoland.com\/it\/\",\"name\":\"\",\"description\":\"\",\"potentialAction\":[{\"@type\":\"SearchAction\",\"target\":{\"@type\":\"EntryPoint\",\"urlTemplate\":\"https:\/\/rentflatpoland.com\/it\/?s={search_term_string}\"},\"query-input\":\"required name=search_term_string\"}],\"inLanguage\":\"it-IT\"}]}<\/script>\n<!-- \/ Yoast SEO Premium plugin. -->","yoast_head_json":{"title":"CONTACT US","description":"Rent a flat, a room or a house in main Polish cities such as Warsaw, Wroclaw, Krakow, Poznan, Gdansk, Lodz and Katowice. Find your home in Poland. %","robots":{"index":"index","follow":"follow","max-snippet":"max-snippet:-1","max-image-preview":"max-image-preview:large","max-video-preview":"max-video-preview:-1"},"canonical":"https:\/\/rentflatpoland.com\/it\/contact-us\/","og_locale":"it_IT","og_type":"article","og_title":"CONTACT US","og_description":"Rent a flat, a room or a house in main Polish cities such as Warsaw, Wroclaw, Krakow, Poznan, Gdansk, Lodz and Katowice. Find your home in Poland. %","og_url":"https:\/\/rentflatpoland.com\/it\/contact-us\/","article_publisher":"https:\/\/www.facebook.com\/rentflatpoland\/","article_modified_time":"2019-07-29T16:48:15+00:00","twitter_misc":{"Est. reading time":"1 minuto"},"schema":{"@context":"https:\/\/schema.org","@graph":[{"@type":"WebPage","@id":"https:\/\/rentflatpoland.com\/it\/contact-us\/","url":"https:\/\/rentflatpoland.com\/it\/contact-us\/","name":"CONTACT US","isPartOf":{"@id":"https:\/\/rentflatpoland.com\/it\/#website"},"datePublished":"2014-02-11T23:09:34+00:00","dateModified":"2019-07-29T16:48:15+00:00","description":"Rent a flat, a room or a house in main Polish cities such as Warsaw, Wroclaw, Krakow, Poznan, Gdansk, Lodz and Katowice. Find your home in Poland. %","breadcrumb":{"@id":"https:\/\/rentflatpoland.com\/it\/contact-us\/#breadcrumb"},"inLanguage":"it-IT","potentialAction":[{"@type":"ReadAction","target":["https:\/\/rentflatpoland.com\/it\/contact-us\/"]}]},{"@type":"BreadcrumbList","@id":"https:\/\/rentflatpoland.com\/it\/contact-us\/#breadcrumb","itemListElement":[{"@type":"ListItem","position":1,"name":"Home","item":"https:\/\/rentflatpoland.com\/it\/"},{"@type":"ListItem","position":2,"name":"CONTACT US"}]},{"@type":"WebSite","@id":"https:\/\/rentflatpoland.com\/it\/#website","url":"https:\/\/rentflatpoland.com\/it\/","name":"","description":"","potentialAction":[{"@type":"SearchAction","target":{"@type":"EntryPoint","urlTemplate":"https:\/\/rentflatpoland.com\/it\/?s={search_term_string}"},"query-input":"required name=search_term_string"}],"inLanguage":"it-IT"}]}},"_links":{"self":[{"href":"https:\/\/rentflatpoland.com\/it\/wp-json\/wp\/v2\/pages\/25237"}],"collection":[{"href":"https:\/\/rentflatpoland.com\/it\/wp-json\/wp\/v2\/pages"}],"about":[{"href":"https:\/\/rentflatpoland.com\/it\/wp-json\/wp\/v2\/types\/page"}],"author":[{"embeddable":true,"href":"https:\/\/rentflatpoland.com\/it\/wp-json\/wp\/v2\/users\/1"}],"replies":[{"embeddable":true,"href":"https:\/\/rentflatpoland.com\/it\/wp-json\/wp\/v2\/comments?post=25237"}],"version-history":[{"count":5,"href":"https:\/\/rentflatpoland.com\/it\/wp-json\/wp\/v2\/pages\/25237\/revisions"}],"predecessor-version":[{"id":151908,"href":"https:\/\/rentflatpoland.com\/it\/wp-json\/wp\/v2\/pages\/25237\/revisions\/151908"}],"wp:attachment":[{"href":"https:\/\/rentflatpoland.com\/it\/wp-json\/wp\/v2\/media?parent=25237"}],"curies":[{"name":"wp","href":"https:\/\/api.w.org\/{rel}","templated":true}]}}