{"id":166281,"date":"2020-01-24T15:28:36","date_gmt":"2020-01-24T15:28:36","guid":{"rendered":"https:\/\/rentflatpoland.com\/lodz-erasmus-flat\/"},"modified":"2020-01-28T15:59:49","modified_gmt":"2020-01-28T15:59:49","slug":"lodz-erasmus-flat","status":"publish","type":"page","link":"https:\/\/rentflatpoland.com\/it\/lodz-erasmus-flat\/","title":{"rendered":"Lodz &#8211; Erasmus flat"},"content":{"rendered":"<p>[vc_row][vc_column][vc_empty_space][vc_column_text]<\/p>\n<h1 style=\"text-align: center;\"><span style=\"font-size: 36pt;\">\u0141\u00f3d\u017a &#8211; Erasmus flat<\/span><\/h1>\n<p>[\/vc_column_text][vc_column_text css=&#8221;.vc_custom_1579879685407{padding-top: -20px !important;}&#8221;]<\/p>\n<p style=\"text-align: center;\">Are you coming to \u0141\u00f3d\u017a for your <strong>Erasmus semester?<\/strong><br \/>\nCheck out below our list of <strong>Erasmus Friendly Flat in \u0141\u00f3d\u017a<\/strong>!<\/p>\n<p>[\/vc_column_text][\/vc_column][\/vc_row][vc_row][vc_column]<div id=\"wpestate_sh_anime_25\" class=\"article_container wpestate_latest_listings_sh bottom-estate_property \"  data-type=\"estate_property\" data-category_ids=\"607,\" data-action_ids=\"\" data-city_ids=\"165,\" data-area_ids=\"\" data-state_ids=\"\" data-number=\"12\" data-row-number=\"3\" data-align=\"vertical\" data-show_featured_only=\"no\"  data-random_pick=\"no\"  data-featured_first=\"no\" data-page=\"1\" >  \n\n\n\n<div class=\"col-md-4 shortcode-col listing_wrapper\" data-org=\"6\" data-listid=\"161539\" > \n    <div class=\"property_listing   \" data-link=\"https:\/\/rentflatpoland.com\/it\/properties\/high-standard-2-rooms-apartment-city-center-of-lodz\/\">\n        \n        <div class=\"listing-unit-img-wrapper\"><div class=\"prop_new_details\"><div class=\"prop_new_details_back\"><\/div><div class=\"property_media\"><i class=\"fa fa-camera\" aria-hidden=\"true\"><\/i> 20\n                <\/div><div class=\"property_location_image\"> \n                    <span class=\"property_marker\"><\/span><a href=\"https:\/\/rentflatpoland.com\/it\/area\/srodmiescie-lodz\/\" rel=\"tag\">Srodmiescie Lodz<\/a>, <a href=\"https:\/\/rentflatpoland.com\/it\/city\/lodz\/\" rel=\"tag\">Lodz<\/a><\/div><\/div><a href=\"https:\/\/rentflatpoland.com\/it\/properties\/high-standard-2-rooms-apartment-city-center-of-lodz\/\"><img width=\"525\" height=\"328\" src=\"https:\/\/rentflatpoland.com\/wp-content\/uploads\/2019\/11\/image_s1280x1024_q807-1-525x328.jpg\" class=\"lazyload img-responsive wp-post-image\" alt=\"\" data-original=\"https:\/\/rentflatpoland.com\/wp-content\/uploads\/2019\/11\/image_s1280x1024_q807-1-525x328.jpg\" loading=\"lazy\" \/><\/a><\/div><div class=\"tag-wrapper\"><div class=\"featured_div\">Featured<\/div><\/div>\n\n            <div><a href=\"https:\/\/rentflatpoland.com\/it\/properties\/high-standard-2-rooms-apartment-city-center-of-lodz\/\">\n                High standard 2-rooms apartment \u2013 city cente...                <\/a> \n            <\/div> \n            \n            <div class=\"listing_unit_price_wrapper\"><span class=\"price_label price_label_before\"><\/span> 3,000 PLN <span class=\"price_label\"><\/span><\/div>        \n        \n        \n           \n        \n                            <div class=\"listing_details the_grid_view\">\n                    For rent a high standard apartment. It is located in the city center of Lodz on Sienkiewicza street. Apartment cons <a href=\"https:\/\/rentflatpoland.com\/it\/properties\/high-standard-2-rooms-apartment-city-center-of-lodz\/\" class=\"unit_more_x\">[more]<\/a>                <\/div>\n\n                <div class=\"listing_details the_list_view\">\n                    For rent a high standard apartment. It is located in the city center of Lodz on Sienkiewicza street. Apartment cons <a href=\"https:\/\/rentflatpoland.com\/it\/properties\/high-standard-2-rooms-apartment-city-center-of-lodz\/\" class=\"unit_more_x\">[more]<\/a>                <\/div>\n               \n\n\n            <div class=\"property_listing_details\">\n                 <span class=\"inforoom\">1<\/span><span class=\"infobath\">1<\/span> <span class=\"infosize\">44 m<sup>2<\/sup><\/span><a href=\"https:\/\/rentflatpoland.com\/it\/properties\/high-standard-2-rooms-apartment-city-center-of-lodz\/\" class=\"unit_details_x\">full info<\/a>            <\/div>\n               \n            <div class=\"property_location\">\n                    \n                                        <div class=\"property_agent_wrapper\">\n                        <div class=\"property_agent_image\" style=\"background-image:url('https:\/\/rentflatpoland.com\/wp-content\/uploads\/2023\/08\/2a-1-120x120.png')\"><\/div> \n                        <div class=\"property_agent_image_sign\"><i class=\"fa fa-user-circle-o\" aria-hidden=\"true\"><\/i><\/div>\n                        <a href=\"https:\/\/rentflatpoland.com\/agents\/brigida\/\">Brigida<\/a>                    <\/div>\n                \n                                                  <div class=\"listing_actions\">\n\n                                <div class=\"share_unit\">\n                                    <a href=\"https:\/\/www.facebook.com\/sharer.php?u=https:\/\/rentflatpoland.com\/it\/properties\/high-standard-2-rooms-apartment-city-center-of-lodz\/&amp;t=High+standard+2-rooms+apartment+%E2%80%93+city+center+of+Lodz\" target=\"_blank\" class=\"social_facebook\"><\/a>\n                                    <a href=\"https:\/\/twitter.com\/home?status=High+standard+2-rooms+apartment+%E2%80%93+city+center+of+Lodz+https%3A%2F%2Frentflatpoland.com%2Fit%2Fproperties%2Fhigh-standard-2-rooms-apartment-city-center-of-lodz%2F\" class=\"social_tweet\" target=\"_blank\"><\/a>\n                                    <a href=\"https:\/\/plus.google.com\/share?url=https:\/\/rentflatpoland.com\/it\/properties\/high-standard-2-rooms-apartment-city-center-of-lodz\/\" onclick=\"javascript:window.open(this.href,'', 'menubar=no,toolbar=no,resizable=yes,scrollbars=yes,height=600,width=600');return false;\" target=\"_blank\" class=\"social_google\"><\/a> \n                                    <a href=\"https:\/\/pinterest.com\/pin\/create\/button\/?url=https:\/\/rentflatpoland.com\/it\/properties\/high-standard-2-rooms-apartment-city-center-of-lodz\/&amp;media=https:\/\/rentflatpoland.com\/wp-content\/uploads\/2019\/11\/image_s1280x1024_q807-1-1190x790.jpg&amp;description=High+standard+2-rooms+apartment+%E2%80%93+city+center+of+Lodz\" target=\"_blank\" class=\"social_pinterest\"><\/a>\n                                <\/div>\n\n\n\n                                <span class=\"share_list\"  data-original-title=\"share\" ><\/span>\n                                <span class=\"icon-fav icon-fav-off\" data-original-title=\"add to favorites\" data-postid=\"161539\"><\/span>\n                                <span class=\"compare-action\" data-original-title=\"compare\" data-pimage=\"https:\/\/rentflatpoland.com\/wp-content\/uploads\/2019\/11\/image_s1280x1024_q807-1-143x83.jpg\" data-pid=\"161539\"><\/span>\n                               \n                            <\/div>\n                        <\/div>        <\/div>             \n    <\/div>\n\n<div class=\"wpestate_listing_sh_loader\">\n       <div class=\"new_prelader\"><\/div>\n\n    <\/div><div class=\"listinglink-wrapper_sh_listings\">\n               <span class=\"wpresidence_button wpestate_item_list_sh\">load more listings <\/span>\n               <\/div><\/div><script type=\"text\/javascript\">\n                \/\/<![CDATA[\n                jQuery(document).ready(function(){\n                    wpestate_anime(\"#wpestate_sh_anime_25\");\n                    wpestate_property_list_sh(\"#wpestate_sh_anime_25 .wpestate_item_list_sh\", \"#wpestate_sh_anime_25 .control_tax_sh\");\n                });\n                \/\/]]>\n            <\/script>[\/vc_column][\/vc_row]<\/p>\n","protected":false},"excerpt":{"rendered":"<p>[vc_row][vc_column][vc_empty_space][vc_column_text] \u0141\u00f3d\u017a &#8211; Erasmus flat [\/vc_column_text][vc_column_text css=&#8221;.vc_custom_1579879685407{padding-top: -20px !important;}&#8221;] Are you coming to \u0141\u00f3d\u017a for your Erasmus semester? Check out below our list of Erasmus Friendly Flat in \u0141\u00f3d\u017a! [\/vc_column_text][\/vc_column][\/vc_row][vc_row][vc_column][\/vc_column][\/vc_row]<\/p>\n","protected":false},"author":1,"featured_media":0,"parent":0,"menu_order":0,"comment_status":"closed","ping_status":"closed","template":"","meta":[],"yoast_head":"<!-- This site is optimized with the Yoast SEO Premium plugin v20.3 (Yoast SEO v20.3) - https:\/\/yoast.com\/wordpress\/plugins\/seo\/ -->\n<title>\u0141\u00f3d\u017a - Erasmus flat. Find your erasmus accommodation in \u0141\u00f3d\u017a<\/title>\n<meta name=\"description\" content=\"\u0141\u00f3d\u017a - Erasmus flat. Are you coming to \u0141\u00f3d\u017a for erasmus? Check out now our list of flat available for Erasmus in \u0141\u00f3d\u017a. You can book in advance.\" \/>\n<meta name=\"robots\" content=\"index, follow, max-snippet:-1, max-image-preview:large, max-video-preview:-1\" \/>\n<link rel=\"canonical\" href=\"https:\/\/rentflatpoland.com\/it\/lodz-erasmus-flat\/\" \/>\n<meta property=\"og:locale\" content=\"it_IT\" \/>\n<meta property=\"og:type\" content=\"article\" \/>\n<meta property=\"og:title\" content=\"Lodz - Erasmus flat\" \/>\n<meta property=\"og:description\" content=\"\u0141\u00f3d\u017a - Erasmus flat. Are you coming to \u0141\u00f3d\u017a for erasmus? Check out now our list of flat available for Erasmus in \u0141\u00f3d\u017a. You can book in advance.\" \/>\n<meta property=\"og:url\" content=\"https:\/\/rentflatpoland.com\/it\/lodz-erasmus-flat\/\" \/>\n<meta property=\"article:publisher\" content=\"https:\/\/www.facebook.com\/rentflatpoland\/\" \/>\n<meta property=\"article:modified_time\" content=\"2020-01-28T15:59:49+00:00\" \/>\n<script type=\"application\/ld+json\" class=\"yoast-schema-graph\">{\"@context\":\"https:\/\/schema.org\",\"@graph\":[{\"@type\":\"WebPage\",\"@id\":\"https:\/\/rentflatpoland.com\/it\/lodz-erasmus-flat\/\",\"url\":\"https:\/\/rentflatpoland.com\/it\/lodz-erasmus-flat\/\",\"name\":\"\u0141\u00f3d\u017a - Erasmus flat. Find your erasmus accommodation in \u0141\u00f3d\u017a\",\"isPartOf\":{\"@id\":\"https:\/\/rentflatpoland.com\/it\/#website\"},\"datePublished\":\"2020-01-24T15:28:36+00:00\",\"dateModified\":\"2020-01-28T15:59:49+00:00\",\"description\":\"\u0141\u00f3d\u017a - Erasmus flat. Are you coming to \u0141\u00f3d\u017a for erasmus? Check out now our list of flat available for Erasmus in \u0141\u00f3d\u017a. You can book in advance.\",\"breadcrumb\":{\"@id\":\"https:\/\/rentflatpoland.com\/it\/lodz-erasmus-flat\/#breadcrumb\"},\"inLanguage\":\"it-IT\",\"potentialAction\":[{\"@type\":\"ReadAction\",\"target\":[\"https:\/\/rentflatpoland.com\/it\/lodz-erasmus-flat\/\"]}]},{\"@type\":\"BreadcrumbList\",\"@id\":\"https:\/\/rentflatpoland.com\/it\/lodz-erasmus-flat\/#breadcrumb\",\"itemListElement\":[{\"@type\":\"ListItem\",\"position\":1,\"name\":\"Home\",\"item\":\"https:\/\/rentflatpoland.com\/it\/\"},{\"@type\":\"ListItem\",\"position\":2,\"name\":\"Lodz &#8211; Erasmus flat\"}]},{\"@type\":\"WebSite\",\"@id\":\"https:\/\/rentflatpoland.com\/it\/#website\",\"url\":\"https:\/\/rentflatpoland.com\/it\/\",\"name\":\"\",\"description\":\"\",\"potentialAction\":[{\"@type\":\"SearchAction\",\"target\":{\"@type\":\"EntryPoint\",\"urlTemplate\":\"https:\/\/rentflatpoland.com\/it\/?s={search_term_string}\"},\"query-input\":\"required name=search_term_string\"}],\"inLanguage\":\"it-IT\"}]}<\/script>\n<!-- \/ Yoast SEO Premium plugin. -->","yoast_head_json":{"title":"\u0141\u00f3d\u017a - Erasmus flat. Find your erasmus accommodation in \u0141\u00f3d\u017a","description":"\u0141\u00f3d\u017a - Erasmus flat. Are you coming to \u0141\u00f3d\u017a for erasmus? Check out now our list of flat available for Erasmus in \u0141\u00f3d\u017a. You can book in advance.","robots":{"index":"index","follow":"follow","max-snippet":"max-snippet:-1","max-image-preview":"max-image-preview:large","max-video-preview":"max-video-preview:-1"},"canonical":"https:\/\/rentflatpoland.com\/it\/lodz-erasmus-flat\/","og_locale":"it_IT","og_type":"article","og_title":"Lodz - Erasmus flat","og_description":"\u0141\u00f3d\u017a - Erasmus flat. Are you coming to \u0141\u00f3d\u017a for erasmus? Check out now our list of flat available for Erasmus in \u0141\u00f3d\u017a. You can book in advance.","og_url":"https:\/\/rentflatpoland.com\/it\/lodz-erasmus-flat\/","article_publisher":"https:\/\/www.facebook.com\/rentflatpoland\/","article_modified_time":"2020-01-28T15:59:49+00:00","schema":{"@context":"https:\/\/schema.org","@graph":[{"@type":"WebPage","@id":"https:\/\/rentflatpoland.com\/it\/lodz-erasmus-flat\/","url":"https:\/\/rentflatpoland.com\/it\/lodz-erasmus-flat\/","name":"\u0141\u00f3d\u017a - Erasmus flat. Find your erasmus accommodation in \u0141\u00f3d\u017a","isPartOf":{"@id":"https:\/\/rentflatpoland.com\/it\/#website"},"datePublished":"2020-01-24T15:28:36+00:00","dateModified":"2020-01-28T15:59:49+00:00","description":"\u0141\u00f3d\u017a - Erasmus flat. Are you coming to \u0141\u00f3d\u017a for erasmus? Check out now our list of flat available for Erasmus in \u0141\u00f3d\u017a. You can book in advance.","breadcrumb":{"@id":"https:\/\/rentflatpoland.com\/it\/lodz-erasmus-flat\/#breadcrumb"},"inLanguage":"it-IT","potentialAction":[{"@type":"ReadAction","target":["https:\/\/rentflatpoland.com\/it\/lodz-erasmus-flat\/"]}]},{"@type":"BreadcrumbList","@id":"https:\/\/rentflatpoland.com\/it\/lodz-erasmus-flat\/#breadcrumb","itemListElement":[{"@type":"ListItem","position":1,"name":"Home","item":"https:\/\/rentflatpoland.com\/it\/"},{"@type":"ListItem","position":2,"name":"Lodz &#8211; Erasmus flat"}]},{"@type":"WebSite","@id":"https:\/\/rentflatpoland.com\/it\/#website","url":"https:\/\/rentflatpoland.com\/it\/","name":"","description":"","potentialAction":[{"@type":"SearchAction","target":{"@type":"EntryPoint","urlTemplate":"https:\/\/rentflatpoland.com\/it\/?s={search_term_string}"},"query-input":"required name=search_term_string"}],"inLanguage":"it-IT"}]}},"_links":{"self":[{"href":"https:\/\/rentflatpoland.com\/it\/wp-json\/wp\/v2\/pages\/166281"}],"collection":[{"href":"https:\/\/rentflatpoland.com\/it\/wp-json\/wp\/v2\/pages"}],"about":[{"href":"https:\/\/rentflatpoland.com\/it\/wp-json\/wp\/v2\/types\/page"}],"author":[{"embeddable":true,"href":"https:\/\/rentflatpoland.com\/it\/wp-json\/wp\/v2\/users\/1"}],"replies":[{"embeddable":true,"href":"https:\/\/rentflatpoland.com\/it\/wp-json\/wp\/v2\/comments?post=166281"}],"version-history":[{"count":1,"href":"https:\/\/rentflatpoland.com\/it\/wp-json\/wp\/v2\/pages\/166281\/revisions"}],"predecessor-version":[{"id":166285,"href":"https:\/\/rentflatpoland.com\/it\/wp-json\/wp\/v2\/pages\/166281\/revisions\/166285"}],"wp:attachment":[{"href":"https:\/\/rentflatpoland.com\/it\/wp-json\/wp\/v2\/media?parent=166281"}],"curies":[{"name":"wp","href":"https:\/\/api.w.org\/{rel}","templated":true}]}}