{"id":166261,"date":"2020-01-24T16:32:43","date_gmt":"2020-01-24T16:32:43","guid":{"rendered":"https:\/\/rentflatpoland.com\/gdansk-erasmus-flat\/"},"modified":"2020-01-28T15:59:33","modified_gmt":"2020-01-28T15:59:33","slug":"gdansk-erasmus-flat","status":"publish","type":"page","link":"https:\/\/rentflatpoland.com\/it\/gdansk-erasmus-flat\/","title":{"rendered":"Gda\u0144sk &#8211; Erasmus flat"},"content":{"rendered":"<p>[vc_row][vc_column][vc_empty_space][vc_column_text]<\/p>\n<h1 style=\"text-align: center;\"><span style=\"font-size: 36pt;\">Gda\u0144sk &#8211; Erasmus flat<\/span><\/h1>\n<p>[\/vc_column_text][vc_column_text css=&#8221;.vc_custom_1579883584962{padding-top: -20px !important;}&#8221;]<\/p>\n<p style=\"text-align: center;\">Are you coming to Gda\u0144sk for your <strong>Erasmus semester?<\/strong><br \/>\nCheck out below our list of <strong>Erasmus Friendly Flat in Gda\u0144sk<\/strong>!<\/p>\n<p>[\/vc_column_text][\/vc_column][\/vc_row][vc_row][vc_column]<div id=\"wpestate_sh_anime_790\" class=\"article_container wpestate_latest_listings_sh bottom-estate_property \"  data-type=\"estate_property\" data-category_ids=\"607,\" data-action_ids=\"\" data-city_ids=\"20,\" data-area_ids=\"\" data-state_ids=\"\" data-number=\"12\" data-row-number=\"3\" data-align=\"vertical\" data-show_featured_only=\"no\"  data-random_pick=\"no\"  data-featured_first=\"no\" data-page=\"1\" ><div class=\"wpestate_listing_sh_loader\">\n       <div class=\"new_prelader\"><\/div>\n\n    <\/div><div class=\"listinglink-wrapper_sh_listings\">\n               <span class=\"wpresidence_button wpestate_item_list_sh\">load more listings <\/span>\n               <\/div><\/div><script type=\"text\/javascript\">\n                \/\/<![CDATA[\n                jQuery(document).ready(function(){\n                    wpestate_anime(\"#wpestate_sh_anime_790\");\n                    wpestate_property_list_sh(\"#wpestate_sh_anime_790 .wpestate_item_list_sh\", \"#wpestate_sh_anime_790 .control_tax_sh\");\n                });\n                \/\/]]>\n            <\/script>[\/vc_column][\/vc_row]<\/p>\n","protected":false},"excerpt":{"rendered":"<p>[vc_row][vc_column][vc_empty_space][vc_column_text] Gda\u0144sk &#8211; Erasmus flat [\/vc_column_text][vc_column_text css=&#8221;.vc_custom_1579883584962{padding-top: -20px !important;}&#8221;] Are you coming to Gda\u0144sk for your Erasmus semester? Check out below our list of Erasmus Friendly Flat in Gda\u0144sk! [\/vc_column_text][\/vc_column][\/vc_row][vc_row][vc_column][\/vc_column][\/vc_row]<\/p>\n","protected":false},"author":1,"featured_media":0,"parent":0,"menu_order":0,"comment_status":"closed","ping_status":"closed","template":"","meta":[],"yoast_head":"<!-- This site is optimized with the Yoast SEO Premium plugin v20.3 (Yoast SEO v20.3) - https:\/\/yoast.com\/wordpress\/plugins\/seo\/ -->\n<title>Gda\u0144sk - Erasmus flat. Find your erasmus accommodation in Gda\u0144sk<\/title>\n<meta name=\"description\" content=\"Gda\u0144sk - Erasmus flat. Are you coming to Gda\u0144sk for erasmus? Check out now our list of flat available for Erasmus in Gda\u0144sk. You can book in advance.\" \/>\n<meta name=\"robots\" content=\"index, follow, max-snippet:-1, max-image-preview:large, max-video-preview:-1\" \/>\n<link rel=\"canonical\" href=\"https:\/\/rentflatpoland.com\/it\/gdansk-erasmus-flat\/\" \/>\n<meta property=\"og:locale\" content=\"it_IT\" \/>\n<meta property=\"og:type\" content=\"article\" \/>\n<meta property=\"og:title\" content=\"Gda\u0144sk - Erasmus flat\" \/>\n<meta property=\"og:description\" content=\"Gda\u0144sk - Erasmus flat. Are you coming to Gda\u0144sk for erasmus? Check out now our list of flat available for Erasmus in Gda\u0144sk. You can book in advance.\" \/>\n<meta property=\"og:url\" content=\"https:\/\/rentflatpoland.com\/it\/gdansk-erasmus-flat\/\" \/>\n<meta property=\"article:publisher\" content=\"https:\/\/www.facebook.com\/rentflatpoland\/\" \/>\n<meta property=\"article:modified_time\" content=\"2020-01-28T15:59:33+00:00\" \/>\n<script type=\"application\/ld+json\" class=\"yoast-schema-graph\">{\"@context\":\"https:\/\/schema.org\",\"@graph\":[{\"@type\":\"WebPage\",\"@id\":\"https:\/\/rentflatpoland.com\/it\/gdansk-erasmus-flat\/\",\"url\":\"https:\/\/rentflatpoland.com\/it\/gdansk-erasmus-flat\/\",\"name\":\"Gda\u0144sk - Erasmus flat. Find your erasmus accommodation in Gda\u0144sk\",\"isPartOf\":{\"@id\":\"https:\/\/rentflatpoland.com\/it\/#website\"},\"datePublished\":\"2020-01-24T16:32:43+00:00\",\"dateModified\":\"2020-01-28T15:59:33+00:00\",\"description\":\"Gda\u0144sk - Erasmus flat. Are you coming to Gda\u0144sk for erasmus? Check out now our list of flat available for Erasmus in Gda\u0144sk. You can book in advance.\",\"breadcrumb\":{\"@id\":\"https:\/\/rentflatpoland.com\/it\/gdansk-erasmus-flat\/#breadcrumb\"},\"inLanguage\":\"it-IT\",\"potentialAction\":[{\"@type\":\"ReadAction\",\"target\":[\"https:\/\/rentflatpoland.com\/it\/gdansk-erasmus-flat\/\"]}]},{\"@type\":\"BreadcrumbList\",\"@id\":\"https:\/\/rentflatpoland.com\/it\/gdansk-erasmus-flat\/#breadcrumb\",\"itemListElement\":[{\"@type\":\"ListItem\",\"position\":1,\"name\":\"Home\",\"item\":\"https:\/\/rentflatpoland.com\/it\/\"},{\"@type\":\"ListItem\",\"position\":2,\"name\":\"Gda\u0144sk &#8211; Erasmus flat\"}]},{\"@type\":\"WebSite\",\"@id\":\"https:\/\/rentflatpoland.com\/it\/#website\",\"url\":\"https:\/\/rentflatpoland.com\/it\/\",\"name\":\"\",\"description\":\"\",\"potentialAction\":[{\"@type\":\"SearchAction\",\"target\":{\"@type\":\"EntryPoint\",\"urlTemplate\":\"https:\/\/rentflatpoland.com\/it\/?s={search_term_string}\"},\"query-input\":\"required name=search_term_string\"}],\"inLanguage\":\"it-IT\"}]}<\/script>\n<!-- \/ Yoast SEO Premium plugin. -->","yoast_head_json":{"title":"Gda\u0144sk - Erasmus flat. Find your erasmus accommodation in Gda\u0144sk","description":"Gda\u0144sk - Erasmus flat. Are you coming to Gda\u0144sk for erasmus? Check out now our list of flat available for Erasmus in Gda\u0144sk. You can book in advance.","robots":{"index":"index","follow":"follow","max-snippet":"max-snippet:-1","max-image-preview":"max-image-preview:large","max-video-preview":"max-video-preview:-1"},"canonical":"https:\/\/rentflatpoland.com\/it\/gdansk-erasmus-flat\/","og_locale":"it_IT","og_type":"article","og_title":"Gda\u0144sk - Erasmus flat","og_description":"Gda\u0144sk - Erasmus flat. Are you coming to Gda\u0144sk for erasmus? Check out now our list of flat available for Erasmus in Gda\u0144sk. You can book in advance.","og_url":"https:\/\/rentflatpoland.com\/it\/gdansk-erasmus-flat\/","article_publisher":"https:\/\/www.facebook.com\/rentflatpoland\/","article_modified_time":"2020-01-28T15:59:33+00:00","schema":{"@context":"https:\/\/schema.org","@graph":[{"@type":"WebPage","@id":"https:\/\/rentflatpoland.com\/it\/gdansk-erasmus-flat\/","url":"https:\/\/rentflatpoland.com\/it\/gdansk-erasmus-flat\/","name":"Gda\u0144sk - Erasmus flat. Find your erasmus accommodation in Gda\u0144sk","isPartOf":{"@id":"https:\/\/rentflatpoland.com\/it\/#website"},"datePublished":"2020-01-24T16:32:43+00:00","dateModified":"2020-01-28T15:59:33+00:00","description":"Gda\u0144sk - Erasmus flat. Are you coming to Gda\u0144sk for erasmus? Check out now our list of flat available for Erasmus in Gda\u0144sk. You can book in advance.","breadcrumb":{"@id":"https:\/\/rentflatpoland.com\/it\/gdansk-erasmus-flat\/#breadcrumb"},"inLanguage":"it-IT","potentialAction":[{"@type":"ReadAction","target":["https:\/\/rentflatpoland.com\/it\/gdansk-erasmus-flat\/"]}]},{"@type":"BreadcrumbList","@id":"https:\/\/rentflatpoland.com\/it\/gdansk-erasmus-flat\/#breadcrumb","itemListElement":[{"@type":"ListItem","position":1,"name":"Home","item":"https:\/\/rentflatpoland.com\/it\/"},{"@type":"ListItem","position":2,"name":"Gda\u0144sk &#8211; Erasmus flat"}]},{"@type":"WebSite","@id":"https:\/\/rentflatpoland.com\/it\/#website","url":"https:\/\/rentflatpoland.com\/it\/","name":"","description":"","potentialAction":[{"@type":"SearchAction","target":{"@type":"EntryPoint","urlTemplate":"https:\/\/rentflatpoland.com\/it\/?s={search_term_string}"},"query-input":"required name=search_term_string"}],"inLanguage":"it-IT"}]}},"_links":{"self":[{"href":"https:\/\/rentflatpoland.com\/it\/wp-json\/wp\/v2\/pages\/166261"}],"collection":[{"href":"https:\/\/rentflatpoland.com\/it\/wp-json\/wp\/v2\/pages"}],"about":[{"href":"https:\/\/rentflatpoland.com\/it\/wp-json\/wp\/v2\/types\/page"}],"author":[{"embeddable":true,"href":"https:\/\/rentflatpoland.com\/it\/wp-json\/wp\/v2\/users\/1"}],"replies":[{"embeddable":true,"href":"https:\/\/rentflatpoland.com\/it\/wp-json\/wp\/v2\/comments?post=166261"}],"version-history":[{"count":1,"href":"https:\/\/rentflatpoland.com\/it\/wp-json\/wp\/v2\/pages\/166261\/revisions"}],"predecessor-version":[{"id":166267,"href":"https:\/\/rentflatpoland.com\/it\/wp-json\/wp\/v2\/pages\/166261\/revisions\/166267"}],"wp:attachment":[{"href":"https:\/\/rentflatpoland.com\/it\/wp-json\/wp\/v2\/media?parent=166261"}],"curies":[{"name":"wp","href":"https:\/\/api.w.org\/{rel}","templated":true}]}}