{"id":25430,"date":"2017-03-03T12:30:20","date_gmt":"2017-03-03T12:30:20","guid":{"rendered":"http:\/\/rentflatpoland.com\/fr\/real-estate-agency-in-warsaw\/"},"modified":"2017-03-21T11:01:58","modified_gmt":"2017-03-21T11:01:58","slug":"agence-immobiliere-a-varsovie","status":"publish","type":"page","link":"https:\/\/rentflatpoland.com\/fr\/agence-immobiliere-a-varsovie\/","title":{"rendered":"Agence immobili\u00e8re \u00e0 Varsovie"},"content":{"rendered":"<p>[vc_row][vc_column]<div id=\"ultimate-heading-829669f472e66bdd2\" class=\"uvc-heading ult-adjust-bottom-margin ultimate-heading-829669f472e66bdd2 uvc-4166 \" data-hspacer=\"no_spacer\"  data-halign=\"center\" style=\"text-align:center\"><div class=\"uvc-heading-spacer no_spacer\" style=\"top\"><\/div><div class=\"uvc-main-heading ult-responsive\"  data-ultimate-target='.uvc-heading.ultimate-heading-829669f472e66bdd2 h2'  data-responsive-json-new='{\"font-size\":\"\",\"line-height\":\"\"}' ><h2 style=\"font-weight:normal;margin-bottom:30px;\">Vous \u00eates \u00e0 la recherche d\u2019une agence immobili\u00e8re \u00e0 Varsovie ?<\/h2><\/div><div class=\"uvc-sub-heading ult-responsive\"  data-ultimate-target='.uvc-heading.ultimate-heading-829669f472e66bdd2 .uvc-sub-heading '  data-responsive-json-new='{\"font-size\":\"\",\"line-height\":\"\"}'  style=\"font-weight:normal;margin-bottom:30px;\"><\/p>\n<p style=\"text-align: justify;\">Vous vous appr\u00eatez \u00e0 <strong>vous installer \u00e0 Varsovie<\/strong> ou vous \u00eates simplement \u00e0 la recherche d\u2019un meilleur logement\u00a0?<\/p>\n<p style=\"text-align: justify;\">rentflatPOLAND est la 1<sup>\u00e8re<\/sup> plateforme de location immobili\u00e8re pour les \u00e9trangers, con\u00e7ue et g\u00e9r\u00e9e par des \u00e9trangers en Pologne. En plus, et en toute modestie, rentflatPOLAND, c\u2019est aussi <strong>une \u00e9quipe d\u2019agents immobiliers g\u00e9niaux, bas\u00e9e \u00e0 Varsovie<\/strong>.<\/p>\n<p style=\"text-align: justify;\">Notre agence immobili\u00e8re \u00e0 Varsovie a \u00e9t\u00e9 cr\u00e9\u00e9e en juillet 2015 car nous avons re\u00e7u de plus en plus de requ\u00eates pour la capitale de la Pologne. Nous avons ainsi pu <strong>aider des centaines de personnes venant des quatre coins du monde avec des besoins et des profils diversifi\u00e9s<\/strong>.<\/p>\n<p style=\"text-align: justify;\">Afin de vous donner une id\u00e9e de la qualit\u00e9 de nos services, n\u2019h\u00e9sitez pas \u00e0 d\u00e9couvrir les feedbacks de nos clients via nos <a href=\"http:\/\/rentflatpoland.com\/fr\/add-your-testimonial\/\" target=\"_blank\"><strong><u>pages de t\u00e9moignages<\/u><\/strong><\/a>, et notre <a href=\"https:\/\/www.facebook.com\/rentflatpoland\/\" target=\"_blank\"><strong><u>Fanpage<\/u><\/strong><\/a>.<\/p>\n<p><\/div><\/div><div id=\"ultimate-heading-799869f472e66be20\" class=\"uvc-heading ult-adjust-bottom-margin ultimate-heading-799869f472e66be20 uvc-9234 \" data-hspacer=\"no_spacer\"  data-halign=\"center\" style=\"text-align:center\"><div class=\"uvc-heading-spacer no_spacer\" style=\"top\"><\/div><div class=\"uvc-main-heading ult-responsive\"  data-ultimate-target='.uvc-heading.ultimate-heading-799869f472e66be20 h2'  data-responsive-json-new='{\"font-size\":\"\",\"line-height\":\"\"}' ><h2 style=\"font-weight:normal;margin-bottom:25px;\">Deux options s\u2019offrent \u00e0 vous :<\/h2><\/div><\/div><div class=\"smile_icon_list_wrap ult_info_list_container ult-adjust-bottom-margin   info_list\"><ul class=\"smile_icon_list top square with_bg\"><li class=\"icon_list_item\" style=\" font-size:72px;\"><div class=\"icon_list_icon\" data-animation=\"\" data-animation-delay=\"03\" style=\"font-size:24px;border-width:1px;border-style:dashed;background:#ffffff;color:#dd3333;border-color:#dd3333;\"><i class=\"Defaults-ok-sign\" ><\/i><\/div><div class=\"icon_description\" id=\"Info-list-wrap-8983\" style=\"font-size:24px;\"><h3 class=\"ult-responsive\"  data-ultimate-target='#Info-list-wrap-8983 h3'  data-responsive-json-new='{\"font-size\":\"desktop:16px;\",\"line-height\":\"desktop:24px;\"}'  style=\"\">Option 1 : Nos services classiques<\/h3><div class=\"icon_description_text ult-responsive\"  data-ultimate-target='#Info-list-wrap-8983 .icon_description_text'  data-responsive-json-new='{\"font-size\":\"desktop:13px;\",\"line-height\":\"desktop:18px;\"}'  style=\"\"><p style=\"text-align: justify;\">Contactez-nous par e-mail, \u00a0soit par le chat en ligne, ou par t\u00e9l\u00e9phone en <strong>nous expliquant vos besoins<\/strong>, et nous vous enverrons une s\u00e9lection personnalis\u00e9e d\u2019offres d&rsquo;appartements. Ensuite, si un des biens vous plait, nous organiserons une visite. Enfin, si vous d\u00e9cidez de prendre l&rsquo;un des appartements, <strong>nous nous chargerons de tout, de A \u00e0 Z<\/strong> (la n\u00e9gociation avec le propri\u00e9taire, la pr\u00e9paration et r\u00e9daction du bail\u00a0de location et du protocole en anglais et en polonais, la traduction durant\u00a0le rendez-vous avec les diff\u00e9rentes parties impliqu\u00e9s, etc.).<\/p>\n<\/div><\/div><div class=\"icon_list_connector\" data-animation=\"fadeInLeft\" data-animation-delay=\"03\" style=\"border-top-width: 1px;border-top-style: dashed;border-color: #333333;\"><\/div><\/li><li class=\"icon_list_item\" style=\" font-size:72px;\"><div class=\"icon_list_icon\" data-animation=\"\" data-animation-delay=\"03\" style=\"font-size:24px;border-width:1px;border-style:dashed;background:#ffffff;color:#dd3333;border-color:#dd3333;\"><i class=\"Defaults-check\" ><\/i><\/div><div class=\"icon_description\" id=\"Info-list-wrap-7929\" style=\"font-size:24px;\"><h3 class=\"ult-responsive\"  data-ultimate-target='#Info-list-wrap-7929 h3'  data-responsive-json-new='{\"font-size\":\"desktop:16px;\",\"line-height\":\"desktop:24px;\"}'  style=\"\">Option 2 : Booking in Advance<\/h3><div class=\"icon_description_text ult-responsive\"  data-ultimate-target='#Info-list-wrap-7929 .icon_description_text'  data-responsive-json-new='{\"font-size\":\"desktop:13px;\",\"line-height\":\"desktop:18px;\"}'  style=\"\"><p style=\"text-align: justify;\">Avec l\u2019option Booking in advance, vous avez la possibilit\u00e9 de <strong>r\u00e9server votre bien avant votre arriv\u00e9e en Pologne<\/strong>. C\u2019est donc la solution\u00a0<strong>la plus facile, rapide et s\u00fbre<\/strong> de r\u00e9server votre appartement en avance, gr\u00e2ce \u00e0 notre expertise et notre aide. Tout est similaire avec l\u2019option 1, avec l\u2019avantage de <strong>r\u00e9aliser tout le processus en ligne<\/strong> sans vous d\u00e9placer.\u00a0<a href=\"http:\/\/rentflatpoland.com\/fr\/booking-in-advance\/\" target=\"_blank\"><strong><u>Plus d\u2019informations ici<\/u><\/strong><\/a>.<\/p>\n<\/div><\/div><div class=\"icon_list_connector\" data-animation=\"fadeInLeft\" data-animation-delay=\"03\" style=\"border-top-width: 1px;border-top-style: dashed;border-color: #333333;\"><\/div><\/li><\/ul><\/div>[\/vc_column][\/vc_row][vc_row][vc_column width=\u00a0\u00bb1\/2&Prime;]<div id=\"ultimate-heading-884869f472e66c02a\" class=\"uvc-heading ult-adjust-bottom-margin ultimate-heading-884869f472e66c02a uvc-2013 \" data-hspacer=\"no_spacer\"  data-halign=\"center\" style=\"text-align:center\"><div class=\"uvc-heading-spacer no_spacer\" style=\"top\"><\/div><div class=\"uvc-main-heading ult-responsive\"  data-ultimate-target='.uvc-heading.ultimate-heading-884869f472e66c02a h2'  data-responsive-json-new='{\"font-size\":\"\",\"line-height\":\"\"}' ><h2 style=\"font-weight:normal;margin-bottom:20px;\">La vue de notre bureau \u00e0 Varsovie<\/h2><\/div><\/div>[vc_column_text]<img class=\"alignnone size-full wp-image-24779\" src=\"http:\/\/rentflatpoland.com\/wp-content\/uploads\/2017\/03\/17036616_10212444542211610_190287537_o.jpg\" alt=\"real estate agency in Warsaw\" width=\"1000\" height=\"1334\" srcset=\"https:\/\/rentflatpoland.com\/wp-content\/uploads\/2017\/03\/17036616_10212444542211610_190287537_o.jpg 1000w, https:\/\/rentflatpoland.com\/wp-content\/uploads\/2017\/03\/17036616_10212444542211610_190287537_o-150x200.jpg 150w, https:\/\/rentflatpoland.com\/wp-content\/uploads\/2017\/03\/17036616_10212444542211610_190287537_o-75x100.jpg 75w, https:\/\/rentflatpoland.com\/wp-content\/uploads\/2017\/03\/17036616_10212444542211610_190287537_o-56x75.jpg 56w\" sizes=\"(max-width: 1000px) 100vw, 1000px\" \/>[\/vc_column_text][\/vc_column][vc_column width=\u00a0\u00bb1\/2&Prime;][vc_column_text]<\/p>\n<h2>Int\u00e9ress\u00e9? \u00a0Remplissez le formulaire suivant\u00a0:<\/h2>\n<hr \/>\n<div class=\"wpcf7 no-js\" id=\"wpcf7-f25439-o1\" lang=\"en-US\" dir=\"ltr\">\n<div class=\"screen-reader-response\"><p role=\"status\" aria-live=\"polite\" aria-atomic=\"true\"><\/p> <ul><\/ul><\/div>\n<form action=\"\/fr\/wp-json\/wp\/v2\/pages\/25430#wpcf7-f25439-o1\" method=\"post\" class=\"wpcf7-form init\" aria-label=\"Contact form\" novalidate=\"novalidate\" data-status=\"init\">\n<div style=\"display: none;\">\n<input type=\"hidden\" name=\"_wpcf7\" value=\"25439\" \/>\n<input type=\"hidden\" name=\"_wpcf7_version\" value=\"5.7.7\" \/>\n<input type=\"hidden\" name=\"_wpcf7_locale\" value=\"en_US\" \/>\n<input type=\"hidden\" name=\"_wpcf7_unit_tag\" value=\"wpcf7-f25439-o1\" \/>\n<input type=\"hidden\" name=\"_wpcf7_container_post\" value=\"0\" \/>\n<input type=\"hidden\" name=\"_wpcf7_posted_data_hash\" value=\"\" \/>\n<\/div>\n<p> Nombre de chambre? (required)\n<\/p>\n<p><span class=\"wpcf7-form-control-wrap\" data-name=\"Number\"><input class=\"wpcf7-form-control wpcf7-number wpcf7-validates-as-required wpcf7-validates-as-number\" min=\"1\" max=\"15\" aria-required=\"true\" aria-invalid=\"false\" value=\"1\" type=\"number\" name=\"Number\" \/><\/span>\n<\/p>\n<p> Raison de votre s\u00e9jour? (obligatoire)\n<\/p>\n<p><span class=\"wpcf7-form-control-wrap\" data-name=\"menu-494\"><select class=\"wpcf7-form-control wpcf7-select wpcf7-validates-as-required\" aria-required=\"true\" aria-invalid=\"false\" name=\"menu-494\"><option value=\"\">&#8212;Please choose an option&#8212;<\/option><option value=\"Travail\">Travail<\/option><option value=\"Business\">Business<\/option><option value=\"Etudes\">Etudes<\/option><option value=\"Echange Erasmus\">Echange Erasmus<\/option><option value=\"Autres\">Autres<\/option><\/select><\/span>\n<\/p>\n<p> A partir de quand? (obligatoire)\n<\/p>\n<p><span class=\"wpcf7-form-control-wrap\" data-name=\"menu-299\"><select class=\"wpcf7-form-control wpcf7-select wpcf7-validates-as-required\" aria-required=\"true\" aria-invalid=\"false\" name=\"menu-299\"><option value=\"\">&#8212;Please choose an option&#8212;<\/option><option value=\"Janvier\">Janvier<\/option><option value=\"F\u00e9vrier\">F\u00e9vrier<\/option><option value=\"Mars\">Mars<\/option><option value=\"Avril\">Avril<\/option><option value=\"Mai\">Mai<\/option><option value=\"Juin\">Juin<\/option><option value=\"Juillet\">Juillet<\/option><option value=\"Ao\u00fbt\">Ao\u00fbt<\/option><option value=\"Septembre\">Septembre<\/option><option value=\"Octobre\">Octobre<\/option><option value=\"Novembre\">Novembre<\/option><option value=\"Decembre\">Decembre<\/option><\/select><\/span>\n<\/p>\n<p> Pour combien de temps? (obligatoire)\n<\/p>\n<p><span class=\"wpcf7-form-control-wrap\" data-name=\"menu-882\"><select class=\"wpcf7-form-control wpcf7-select wpcf7-validates-as-required\" aria-required=\"true\" aria-invalid=\"false\" name=\"menu-882\"><option value=\"\">&#8212;Please choose an option&#8212;<\/option><option value=\"Moins de 6 mois\">Moins de 6 mois<\/option><option value=\"De 6 mois \u00e0 12 mois\">De 6 mois \u00e0 12 mois<\/option><option value=\"Plus de 12 mois\">Plus de 12 mois<\/option><\/select><\/span>\n<\/p>\n<p> Votre nom et pr\u00e9nom (obligatoire)\n<\/p>\n<p><span class=\"wpcf7-form-control-wrap\" data-name=\"your-name\"><input size=\"40\" class=\"wpcf7-form-control wpcf7-text wpcf7-validates-as-required\" aria-required=\"true\" aria-invalid=\"false\" value=\"\" type=\"text\" name=\"your-name\" \/><\/span>\n<\/p>\n<p> Votre adresse email (obligatoire)\n<\/p>\n<p><span class=\"wpcf7-form-control-wrap\" data-name=\"your-email\"><input size=\"40\" class=\"wpcf7-form-control wpcf7-text wpcf7-email wpcf7-validates-as-required wpcf7-validates-as-email\" aria-required=\"true\" aria-invalid=\"false\" value=\"\" type=\"email\" name=\"your-email\" \/><\/span>\n<\/p>\n<p> Votre num\u00e9ro de t\u00e9l\u00e9phone (obligatoire)\n<\/p>\n<p><span class=\"wpcf7-form-control-wrap\" data-name=\"tel-443\"><input size=\"40\" class=\"wpcf7-form-control wpcf7-text wpcf7-tel wpcf7-validates-as-required wpcf7-validates-as-tel\" aria-required=\"true\" aria-invalid=\"false\" placeholder=\"\" value=\"\" type=\"tel\" name=\"tel-443\" \/><\/span>\n<\/p>\n<div id=\"cf7sr-69f472e66dca1\" class=\"cf7sr-g-recaptcha\" data-theme=\"light\" data-type=\"image\" data-size=\"normal\" data-sitekey=\"6LeQljAUAAAAAG8lnZdsYveq7hP_CgWM9RXoqbvx\"><\/div><span class=\"wpcf7-form-control-wrap cf7sr-recaptcha\" data-name=\"cf7sr-recaptcha\"><input type=\"hidden\" name=\"cf7sr-recaptcha\" value=\"\" class=\"wpcf7-form-control\"><\/span>\n<\/p>\n<p><input class=\"wpcf7-form-control has-spinner wpcf7-submit\" type=\"submit\" value=\"Envoyer\" \/>\n<\/p><div class=\"wpcf7-response-output\" aria-hidden=\"true\"><\/div>\n<\/form>\n<\/div>\n[\/vc_column_text][\/vc_column][\/vc_row]<\/p>\n","protected":false},"excerpt":{"rendered":"<p>[vc_row][vc_column][\/vc_column][\/vc_row][vc_row][vc_column width=\u00a0\u00bb1\/2&Prime;][vc_column_text][\/vc_column_text][\/vc_column][vc_column width=\u00a0\u00bb1\/2&Prime;][vc_column_text] Int\u00e9ress\u00e9? \u00a0Remplissez le formulaire suivant\u00a0: [\/vc_column_text][\/vc_column][\/vc_row]<\/p>\n","protected":false},"author":1,"featured_media":0,"parent":0,"menu_order":0,"comment_status":"closed","ping_status":"closed","template":"","meta":[],"yoast_head":"<!-- This site is optimized with the Yoast SEO Premium plugin v20.3 (Yoast SEO v20.3) - https:\/\/yoast.com\/wordpress\/plugins\/seo\/ -->\n<title>Real Estate Agency in Warsaw: Find your flat now in Warsaw, Poland<\/title>\n<meta name=\"description\" content=\"Looking for a Real Estate Agency in Warsaw? Tell us your need, and we will find the property that matches your criteria! Hire us now!\" \/>\n<meta name=\"robots\" content=\"index, follow, max-snippet:-1, max-image-preview:large, max-video-preview:-1\" \/>\n<link rel=\"canonical\" href=\"https:\/\/rentflatpoland.com\/fr\/agence-immobiliere-a-varsovie\/\" \/>\n<meta property=\"og:locale\" content=\"fr_FR\" \/>\n<meta property=\"og:type\" content=\"article\" \/>\n<meta property=\"og:title\" content=\"Agence immobili\u00e8re \u00e0 Varsovie\" \/>\n<meta property=\"og:description\" content=\"Looking for a Real Estate Agency in Warsaw? Tell us your need, and we will find the property that matches your criteria! Hire us now!\" \/>\n<meta property=\"og:url\" content=\"https:\/\/rentflatpoland.com\/fr\/agence-immobiliere-a-varsovie\/\" \/>\n<meta property=\"article:publisher\" content=\"https:\/\/www.facebook.com\/rentflatpoland\/\" \/>\n<meta property=\"article:modified_time\" content=\"2017-03-21T11:01:58+00:00\" \/>\n<meta property=\"og:image\" content=\"http:\/\/rentflatpoland.com\/wp-content\/uploads\/2017\/03\/17036616_10212444542211610_190287537_o.jpg\" \/>\n<meta name=\"twitter:label1\" content=\"Est. reading time\" \/>\n\t<meta name=\"twitter:data1\" content=\"2 minutes\" \/>\n<script type=\"application\/ld+json\" class=\"yoast-schema-graph\">{\"@context\":\"https:\/\/schema.org\",\"@graph\":[{\"@type\":\"WebPage\",\"@id\":\"https:\/\/rentflatpoland.com\/fr\/agence-immobiliere-a-varsovie\/\",\"url\":\"https:\/\/rentflatpoland.com\/fr\/agence-immobiliere-a-varsovie\/\",\"name\":\"Real Estate Agency in Warsaw: Find your flat now in Warsaw, Poland\",\"isPartOf\":{\"@id\":\"https:\/\/rentflatpoland.com\/it\/#website\"},\"datePublished\":\"2017-03-03T12:30:20+00:00\",\"dateModified\":\"2017-03-21T11:01:58+00:00\",\"description\":\"Looking for a Real Estate Agency in Warsaw? Tell us your need, and we will find the property that matches your criteria! Hire us now!\",\"breadcrumb\":{\"@id\":\"https:\/\/rentflatpoland.com\/fr\/agence-immobiliere-a-varsovie\/#breadcrumb\"},\"inLanguage\":\"fr-FR\",\"potentialAction\":[{\"@type\":\"ReadAction\",\"target\":[\"https:\/\/rentflatpoland.com\/fr\/agence-immobiliere-a-varsovie\/\"]}]},{\"@type\":\"BreadcrumbList\",\"@id\":\"https:\/\/rentflatpoland.com\/fr\/agence-immobiliere-a-varsovie\/#breadcrumb\",\"itemListElement\":[{\"@type\":\"ListItem\",\"position\":1,\"name\":\"Home\",\"item\":\"https:\/\/rentflatpoland.com\/fr\/\"},{\"@type\":\"ListItem\",\"position\":2,\"name\":\"Agence immobili\u00e8re \u00e0 Varsovie\"}]},{\"@type\":\"WebSite\",\"@id\":\"https:\/\/rentflatpoland.com\/it\/#website\",\"url\":\"https:\/\/rentflatpoland.com\/it\/\",\"name\":\"\",\"description\":\"\",\"potentialAction\":[{\"@type\":\"SearchAction\",\"target\":{\"@type\":\"EntryPoint\",\"urlTemplate\":\"https:\/\/rentflatpoland.com\/it\/?s={search_term_string}\"},\"query-input\":\"required name=search_term_string\"}],\"inLanguage\":\"fr-FR\"}]}<\/script>\n<!-- \/ Yoast SEO Premium plugin. -->","yoast_head_json":{"title":"Real Estate Agency in Warsaw: Find your flat now in Warsaw, Poland","description":"Looking for a Real Estate Agency in Warsaw? Tell us your need, and we will find the property that matches your criteria! Hire us now!","robots":{"index":"index","follow":"follow","max-snippet":"max-snippet:-1","max-image-preview":"max-image-preview:large","max-video-preview":"max-video-preview:-1"},"canonical":"https:\/\/rentflatpoland.com\/fr\/agence-immobiliere-a-varsovie\/","og_locale":"fr_FR","og_type":"article","og_title":"Agence immobili\u00e8re \u00e0 Varsovie","og_description":"Looking for a Real Estate Agency in Warsaw? Tell us your need, and we will find the property that matches your criteria! Hire us now!","og_url":"https:\/\/rentflatpoland.com\/fr\/agence-immobiliere-a-varsovie\/","article_publisher":"https:\/\/www.facebook.com\/rentflatpoland\/","article_modified_time":"2017-03-21T11:01:58+00:00","og_image":[{"url":"http:\/\/rentflatpoland.com\/wp-content\/uploads\/2017\/03\/17036616_10212444542211610_190287537_o.jpg"}],"twitter_misc":{"Est. reading time":"2 minutes"},"schema":{"@context":"https:\/\/schema.org","@graph":[{"@type":"WebPage","@id":"https:\/\/rentflatpoland.com\/fr\/agence-immobiliere-a-varsovie\/","url":"https:\/\/rentflatpoland.com\/fr\/agence-immobiliere-a-varsovie\/","name":"Real Estate Agency in Warsaw: Find your flat now in Warsaw, Poland","isPartOf":{"@id":"https:\/\/rentflatpoland.com\/it\/#website"},"datePublished":"2017-03-03T12:30:20+00:00","dateModified":"2017-03-21T11:01:58+00:00","description":"Looking for a Real Estate Agency in Warsaw? Tell us your need, and we will find the property that matches your criteria! Hire us now!","breadcrumb":{"@id":"https:\/\/rentflatpoland.com\/fr\/agence-immobiliere-a-varsovie\/#breadcrumb"},"inLanguage":"fr-FR","potentialAction":[{"@type":"ReadAction","target":["https:\/\/rentflatpoland.com\/fr\/agence-immobiliere-a-varsovie\/"]}]},{"@type":"BreadcrumbList","@id":"https:\/\/rentflatpoland.com\/fr\/agence-immobiliere-a-varsovie\/#breadcrumb","itemListElement":[{"@type":"ListItem","position":1,"name":"Home","item":"https:\/\/rentflatpoland.com\/fr\/"},{"@type":"ListItem","position":2,"name":"Agence immobili\u00e8re \u00e0 Varsovie"}]},{"@type":"WebSite","@id":"https:\/\/rentflatpoland.com\/it\/#website","url":"https:\/\/rentflatpoland.com\/it\/","name":"","description":"","potentialAction":[{"@type":"SearchAction","target":{"@type":"EntryPoint","urlTemplate":"https:\/\/rentflatpoland.com\/it\/?s={search_term_string}"},"query-input":"required name=search_term_string"}],"inLanguage":"fr-FR"}]}},"_links":{"self":[{"href":"https:\/\/rentflatpoland.com\/fr\/wp-json\/wp\/v2\/pages\/25430"}],"collection":[{"href":"https:\/\/rentflatpoland.com\/fr\/wp-json\/wp\/v2\/pages"}],"about":[{"href":"https:\/\/rentflatpoland.com\/fr\/wp-json\/wp\/v2\/types\/page"}],"author":[{"embeddable":true,"href":"https:\/\/rentflatpoland.com\/fr\/wp-json\/wp\/v2\/users\/1"}],"replies":[{"embeddable":true,"href":"https:\/\/rentflatpoland.com\/fr\/wp-json\/wp\/v2\/comments?post=25430"}],"version-history":[{"count":0,"href":"https:\/\/rentflatpoland.com\/fr\/wp-json\/wp\/v2\/pages\/25430\/revisions"}],"wp:attachment":[{"href":"https:\/\/rentflatpoland.com\/fr\/wp-json\/wp\/v2\/media?parent=25430"}],"curies":[{"name":"wp","href":"https:\/\/api.w.org\/{rel}","templated":true}]}}