{"id":25235,"date":"2014-02-11T23:09:34","date_gmt":"2014-02-11T23:09:34","guid":{"rendered":"http:\/\/rentflatpoland.com\/fr\/contact-us\/"},"modified":"2019-07-29T16:45:56","modified_gmt":"2019-07-29T16:45:56","slug":"contact-us","status":"publish","type":"page","link":"https:\/\/rentflatpoland.com\/fr\/contact-us\/","title":{"rendered":"CONTACT US"},"content":{"rendered":"<p>[vc_row][vc_column]<div id=\"ultimate-heading-936469e90354b8500\" class=\"uvc-heading ult-adjust-bottom-margin ultimate-heading-936469e90354b8500 uvc-2179 \" data-hspacer=\"no_spacer\"  data-halign=\"center\" style=\"text-align:center\"><div class=\"uvc-heading-spacer no_spacer\" style=\"top\"><\/div><div class=\"uvc-main-heading ult-responsive\"  data-ultimate-target='.uvc-heading.ultimate-heading-936469e90354b8500 h2'  data-responsive-json-new='{\"font-size\":\"\",\"line-height\":\"\"}' ><h2 style=\"font-weight:normal;margin-top:20px;margin-bottom:20px;\">Nous contacter<\/h2><\/div><\/div>[\/vc_column][\/vc_row][vc_row][vc_column width=\u00a0\u00bb1\/2&Prime;][vc_column_text]<\/p>\n<h3>Contact<\/h3>\n<p>Question, commentaires ? Notre formulaire de contact est le meilleur moyen d&rsquo;entrer en contact avec l&rsquo;un de nos agents immobilier \u00e0 rentflatPOLAND.<\/p>\n<h3>rentflatPOLAND<\/h3>\n<p>contact@rentflatpoland.com<br \/>\nTel:<br \/>\n+48 664 937 338<br \/>\n+48 600 608 735<\/p>\n<h3>Bureau<\/h3>\n<p>ul. Koszykowa 49a local 17,<br \/>\n00-659 Varsovie, Pologne<br \/>\nTel:<br \/>\n+48 664 937 338<br \/>\n+48 600 608 735<\/p>\n<h3>Si\u00e8ge social<\/h3>\n<p style=\"text-align: left;\">ul. Stawowa 21<br \/>\n91-358 \u0141\u00f3d\u017a, Poland<\/p>\n<p>Tel:<br \/>\n+48 664 937 338<br \/>\n+48 600 608 735[\/vc_column_text][\/vc_column][vc_column width=\u00a0\u00bb1\/2&Prime;][vc_column_text]\n<div class=\"wpcf7 no-js\" id=\"wpcf7-f46742-o1\" lang=\"en-US\" dir=\"ltr\">\n<div class=\"screen-reader-response\"><p role=\"status\" aria-live=\"polite\" aria-atomic=\"true\"><\/p> <ul><\/ul><\/div>\n<form action=\"\/fr\/wp-json\/wp\/v2\/pages\/25235#wpcf7-f46742-o1\" method=\"post\" class=\"wpcf7-form init\" aria-label=\"Contact form\" novalidate=\"novalidate\" data-status=\"init\">\n<div style=\"display: none;\">\n<input type=\"hidden\" name=\"_wpcf7\" value=\"46742\" \/>\n<input type=\"hidden\" name=\"_wpcf7_version\" value=\"5.7.7\" \/>\n<input type=\"hidden\" name=\"_wpcf7_locale\" value=\"en_US\" \/>\n<input type=\"hidden\" name=\"_wpcf7_unit_tag\" value=\"wpcf7-f46742-o1\" \/>\n<input type=\"hidden\" name=\"_wpcf7_container_post\" value=\"0\" \/>\n<input type=\"hidden\" name=\"_wpcf7_posted_data_hash\" value=\"\" \/>\n<\/div>\n<p>Votre nom et pr\u00e9nom (obligatoire)\n<\/p>\n<p><span class=\"wpcf7-form-control-wrap\" data-name=\"your-name\"><input size=\"40\" class=\"wpcf7-form-control wpcf7-text wpcf7-validates-as-required\" aria-required=\"true\" aria-invalid=\"false\" value=\"\" type=\"text\" name=\"your-name\" \/><\/span>\n<\/p>\n<p>Votre adresse email (obligatoire)\n<\/p>\n<p><span class=\"wpcf7-form-control-wrap\" data-name=\"your-email\"><input size=\"40\" class=\"wpcf7-form-control wpcf7-text wpcf7-email wpcf7-validates-as-required wpcf7-validates-as-email\" aria-required=\"true\" aria-invalid=\"false\" value=\"\" type=\"email\" name=\"your-email\" \/><\/span>\n<\/p>\n<p>Sujet (obligatoire)\n<\/p>\n<p><span class=\"wpcf7-form-control-wrap\" data-name=\"your-subject\"><input size=\"40\" class=\"wpcf7-form-control wpcf7-text\" aria-invalid=\"false\" value=\"\" type=\"text\" name=\"your-subject\" \/><\/span>\n<\/p>\n<p>Votre message (obligatoire)\n<\/p>\n<p><span class=\"wpcf7-form-control-wrap\" data-name=\"your-message\"><textarea cols=\"40\" rows=\"10\" class=\"wpcf7-form-control wpcf7-textarea\" aria-invalid=\"false\" name=\"your-message\"><\/textarea><\/span>\n<\/p>\n<div id=\"cf7sr-69e90354b9e05\" class=\"cf7sr-g-recaptcha\" data-theme=\"light\" data-type=\"image\" data-size=\"normal\" data-sitekey=\"6LeQljAUAAAAAG8lnZdsYveq7hP_CgWM9RXoqbvx\"><\/div><span class=\"wpcf7-form-control-wrap cf7sr-recaptcha\" data-name=\"cf7sr-recaptcha\"><input type=\"hidden\" name=\"cf7sr-recaptcha\" value=\"\" class=\"wpcf7-form-control\"><\/span>\n<\/p>\n<p><input class=\"wpcf7-form-control has-spinner wpcf7-submit\" type=\"submit\" value=\"Envoyer\" \/>\n<\/p><div class=\"wpcf7-response-output\" aria-hidden=\"true\"><\/div>\n<\/form>\n<\/div>\n[\/vc_column_text][\/vc_column][\/vc_row][vc_row][vc_column][\/vc_column][\/vc_row]<\/p>\n","protected":false},"excerpt":{"rendered":"<p>[vc_row][vc_column][\/vc_column][\/vc_row][vc_row][vc_column width=\u00a0\u00bb1\/2&Prime;][vc_column_text] Contact Question, commentaires ? Notre formulaire de contact est le meilleur moyen d&rsquo;entrer en contact avec l&rsquo;un de nos agents immobilier \u00e0 rentflatPOLAND. rentflatPOLAND contact@rentflatpoland.com Tel: +48 664 937 338 +48 600 608 735 Bureau ul. Koszykowa 49a local 17, 00-659 Varsovie, Pologne Tel: +48 664 937 338 +48 600 608 735 Si\u00e8ge social ul. Stawowa 21 91-358 \u0141\u00f3d\u017a, Poland Tel: +48 &#8230;<\/p>\n","protected":false},"author":1,"featured_media":0,"parent":0,"menu_order":0,"comment_status":"closed","ping_status":"closed","template":"","meta":[],"yoast_head":"<!-- This site is optimized with the Yoast SEO Premium plugin v20.3 (Yoast SEO v20.3) - https:\/\/yoast.com\/wordpress\/plugins\/seo\/ -->\n<title>CONTACT US<\/title>\n<meta name=\"description\" content=\"Rent a flat, a room or a house in main Polish cities such as Warsaw, Wroclaw, Krakow, Poznan, Gdansk, Lodz and Katowice. Find your home in Poland. %\" \/>\n<meta name=\"robots\" content=\"index, follow, max-snippet:-1, max-image-preview:large, max-video-preview:-1\" \/>\n<link rel=\"canonical\" href=\"https:\/\/rentflatpoland.com\/fr\/contact-us\/\" \/>\n<meta property=\"og:locale\" content=\"fr_FR\" \/>\n<meta property=\"og:type\" content=\"article\" \/>\n<meta property=\"og:title\" content=\"CONTACT US\" \/>\n<meta property=\"og:description\" content=\"Rent a flat, a room or a house in main Polish cities such as Warsaw, Wroclaw, Krakow, Poznan, Gdansk, Lodz and Katowice. Find your home in Poland. %\" \/>\n<meta property=\"og:url\" content=\"https:\/\/rentflatpoland.com\/fr\/contact-us\/\" \/>\n<meta property=\"article:publisher\" content=\"https:\/\/www.facebook.com\/rentflatpoland\/\" \/>\n<meta property=\"article:modified_time\" content=\"2019-07-29T16:45:56+00:00\" \/>\n<meta name=\"twitter:label1\" content=\"Est. reading time\" \/>\n\t<meta name=\"twitter:data1\" content=\"1 minute\" \/>\n<script type=\"application\/ld+json\" class=\"yoast-schema-graph\">{\"@context\":\"https:\/\/schema.org\",\"@graph\":[{\"@type\":\"WebPage\",\"@id\":\"https:\/\/rentflatpoland.com\/fr\/contact-us\/\",\"url\":\"https:\/\/rentflatpoland.com\/fr\/contact-us\/\",\"name\":\"CONTACT US\",\"isPartOf\":{\"@id\":\"https:\/\/rentflatpoland.com\/it\/#website\"},\"datePublished\":\"2014-02-11T23:09:34+00:00\",\"dateModified\":\"2019-07-29T16:45:56+00:00\",\"description\":\"Rent a flat, a room or a house in main Polish cities such as Warsaw, Wroclaw, Krakow, Poznan, Gdansk, Lodz and Katowice. Find your home in Poland. %\",\"breadcrumb\":{\"@id\":\"https:\/\/rentflatpoland.com\/fr\/contact-us\/#breadcrumb\"},\"inLanguage\":\"fr-FR\",\"potentialAction\":[{\"@type\":\"ReadAction\",\"target\":[\"https:\/\/rentflatpoland.com\/fr\/contact-us\/\"]}]},{\"@type\":\"BreadcrumbList\",\"@id\":\"https:\/\/rentflatpoland.com\/fr\/contact-us\/#breadcrumb\",\"itemListElement\":[{\"@type\":\"ListItem\",\"position\":1,\"name\":\"Home\",\"item\":\"https:\/\/rentflatpoland.com\/fr\/\"},{\"@type\":\"ListItem\",\"position\":2,\"name\":\"CONTACT US\"}]},{\"@type\":\"WebSite\",\"@id\":\"https:\/\/rentflatpoland.com\/it\/#website\",\"url\":\"https:\/\/rentflatpoland.com\/it\/\",\"name\":\"\",\"description\":\"\",\"potentialAction\":[{\"@type\":\"SearchAction\",\"target\":{\"@type\":\"EntryPoint\",\"urlTemplate\":\"https:\/\/rentflatpoland.com\/it\/?s={search_term_string}\"},\"query-input\":\"required name=search_term_string\"}],\"inLanguage\":\"fr-FR\"}]}<\/script>\n<!-- \/ Yoast SEO Premium plugin. -->","yoast_head_json":{"title":"CONTACT US","description":"Rent a flat, a room or a house in main Polish cities such as Warsaw, Wroclaw, Krakow, Poznan, Gdansk, Lodz and Katowice. Find your home in Poland. %","robots":{"index":"index","follow":"follow","max-snippet":"max-snippet:-1","max-image-preview":"max-image-preview:large","max-video-preview":"max-video-preview:-1"},"canonical":"https:\/\/rentflatpoland.com\/fr\/contact-us\/","og_locale":"fr_FR","og_type":"article","og_title":"CONTACT US","og_description":"Rent a flat, a room or a house in main Polish cities such as Warsaw, Wroclaw, Krakow, Poznan, Gdansk, Lodz and Katowice. Find your home in Poland. %","og_url":"https:\/\/rentflatpoland.com\/fr\/contact-us\/","article_publisher":"https:\/\/www.facebook.com\/rentflatpoland\/","article_modified_time":"2019-07-29T16:45:56+00:00","twitter_misc":{"Est. reading time":"1 minute"},"schema":{"@context":"https:\/\/schema.org","@graph":[{"@type":"WebPage","@id":"https:\/\/rentflatpoland.com\/fr\/contact-us\/","url":"https:\/\/rentflatpoland.com\/fr\/contact-us\/","name":"CONTACT US","isPartOf":{"@id":"https:\/\/rentflatpoland.com\/it\/#website"},"datePublished":"2014-02-11T23:09:34+00:00","dateModified":"2019-07-29T16:45:56+00:00","description":"Rent a flat, a room or a house in main Polish cities such as Warsaw, Wroclaw, Krakow, Poznan, Gdansk, Lodz and Katowice. Find your home in Poland. %","breadcrumb":{"@id":"https:\/\/rentflatpoland.com\/fr\/contact-us\/#breadcrumb"},"inLanguage":"fr-FR","potentialAction":[{"@type":"ReadAction","target":["https:\/\/rentflatpoland.com\/fr\/contact-us\/"]}]},{"@type":"BreadcrumbList","@id":"https:\/\/rentflatpoland.com\/fr\/contact-us\/#breadcrumb","itemListElement":[{"@type":"ListItem","position":1,"name":"Home","item":"https:\/\/rentflatpoland.com\/fr\/"},{"@type":"ListItem","position":2,"name":"CONTACT US"}]},{"@type":"WebSite","@id":"https:\/\/rentflatpoland.com\/it\/#website","url":"https:\/\/rentflatpoland.com\/it\/","name":"","description":"","potentialAction":[{"@type":"SearchAction","target":{"@type":"EntryPoint","urlTemplate":"https:\/\/rentflatpoland.com\/it\/?s={search_term_string}"},"query-input":"required name=search_term_string"}],"inLanguage":"fr-FR"}]}},"_links":{"self":[{"href":"https:\/\/rentflatpoland.com\/fr\/wp-json\/wp\/v2\/pages\/25235"}],"collection":[{"href":"https:\/\/rentflatpoland.com\/fr\/wp-json\/wp\/v2\/pages"}],"about":[{"href":"https:\/\/rentflatpoland.com\/fr\/wp-json\/wp\/v2\/types\/page"}],"author":[{"embeddable":true,"href":"https:\/\/rentflatpoland.com\/fr\/wp-json\/wp\/v2\/users\/1"}],"replies":[{"embeddable":true,"href":"https:\/\/rentflatpoland.com\/fr\/wp-json\/wp\/v2\/comments?post=25235"}],"version-history":[{"count":5,"href":"https:\/\/rentflatpoland.com\/fr\/wp-json\/wp\/v2\/pages\/25235\/revisions"}],"predecessor-version":[{"id":151912,"href":"https:\/\/rentflatpoland.com\/fr\/wp-json\/wp\/v2\/pages\/25235\/revisions\/151912"}],"wp:attachment":[{"href":"https:\/\/rentflatpoland.com\/fr\/wp-json\/wp\/v2\/media?parent=25235"}],"curies":[{"name":"wp","href":"https:\/\/api.w.org\/{rel}","templated":true}]}}