{"id":25143,"date":"2017-02-10T10:33:43","date_gmt":"2017-02-10T10:33:43","guid":{"rendered":"http:\/\/rentflatpoland.com\/fr\/booking-in-advance\/"},"modified":"2017-03-26T14:19:36","modified_gmt":"2017-03-26T14:19:36","slug":"booking-in-advance","status":"publish","type":"page","link":"https:\/\/rentflatpoland.com\/fr\/booking-in-advance\/","title":{"rendered":"Booking in advance"},"content":{"rendered":"<p>[vc_row][vc_column]<div id=\"ultimate-heading-658569d6a6361e90d\" class=\"uvc-heading ult-adjust-bottom-margin ultimate-heading-658569d6a6361e90d uvc-9783 \" data-hspacer=\"no_spacer\"  data-halign=\"center\" style=\"text-align:center\"><div class=\"uvc-heading-spacer no_spacer\" style=\"top\"><\/div><div class=\"uvc-main-heading ult-responsive\"  data-ultimate-target='.uvc-heading.ultimate-heading-658569d6a6361e90d h2'  data-responsive-json-new='{\"font-size\":\"\",\"line-height\":\"\"}' ><h2 style=\"font-weight:normal;\">Pourquoi choisir Booking in advance ?<\/h2><\/div><div class=\"uvc-sub-heading ult-responsive\"  data-ultimate-target='.uvc-heading.ultimate-heading-658569d6a6361e90d .uvc-sub-heading '  data-responsive-json-new='{\"font-size\":\"desktop:16px;\",\"line-height\":\"\"}'  style=\"font-weight:normal;\">R\u00e9servation en ligne de votre appartement<\/div><\/div><div class=\"spacer\" style=\"height:40px;\"><\/div><div class=\"smile_icon_list_wrap ult_info_list_container ult-adjust-bottom-margin infolist-title  info_list\"><ul class=\"smile_icon_list top circle with_bg\"><li class=\"icon_list_item\" style=\" font-size:72px;\"><div class=\"icon_list_icon\" data-animation=\"\" data-animation-delay=\"03\" style=\"font-size:24px;border-width:2px;border-style:solid;background:#ffffff;color:#b7b7b7;border-color:#dd3333;\"><i class=\"Defaults-shield\" ><\/i><\/div><div class=\"icon_description\" id=\"Info-list-wrap-8939\" style=\"font-size:24px;\"><h3 class=\"ult-responsive\"  data-ultimate-target='#Info-list-wrap-8939 h3'  data-responsive-json-new='{\"font-size\":\"desktop:16px;\",\"line-height\":\"desktop:24px;\"}'  style=\"color:#dd3333;\">Raison 1 : La s\u00e9curit\u00e9<\/h3><div class=\"icon_description_text ult-responsive\"  data-ultimate-target='#Info-list-wrap-8939 .icon_description_text'  data-responsive-json-new='{\"font-size\":\"desktop:13px;\",\"line-height\":\"desktop:18px;\"}'  style=\"\"><p style=\"text-align: justify;\">En utilisant l\u2019option Booking in advance, vous \u00eates assur\u00e9 <strong>qu\u2019il ne s\u2019agit pas d\u2019une arnaque<\/strong> et que le bien propos\u00e9 existe r\u00e9ellement. RentflatPOLAND, ce n\u2019est pas seulement <strong>une plateforme s\u00e9curis\u00e9e<\/strong>, c\u2019est \u00e9galement une entreprise avec une <strong>\u00e9quipe d\u2019agents immobiliers professionnels<\/strong> bas\u00e9e en Pologne. N\u2019h\u00e9sitez pas \u00e0 acc\u00e9der aux derniers <a href=\"http:\/\/rentflatpoland.com\/fr\/add-your-testimonial\/\" target=\"_blank\"><u>t\u00e9moignages de nos clients ici<\/u><\/a>, et \u00e0 notre <a href=\"https:\/\/www.facebook.com\/rentflatpoland\/reviews\/\" target=\"_blank\"><u>page facebook<\/u><\/a>.<\/p>\n<\/div><\/div><div class=\"icon_list_connector\" data-animation=\"fadeInLeft\" data-animation-delay=\"03\" style=\"border-top-width: 1px;border-top-style: dashed;border-color: #dd3333;\"><\/div><\/li><li class=\"icon_list_item\" style=\" font-size:72px;\"><div class=\"icon_list_icon\" data-animation=\"\" data-animation-delay=\"03\" style=\"font-size:24px;border-width:2px;border-style:solid;background:#ffffff;color:#b7b7b7;border-color:#dd3333;\"><i class=\"Defaults-time\" ><\/i><\/div><div class=\"icon_description\" id=\"Info-list-wrap-9438\" style=\"font-size:24px;\"><h3 class=\"ult-responsive\"  data-ultimate-target='#Info-list-wrap-9438 h3'  data-responsive-json-new='{\"font-size\":\"desktop:16px;\",\"line-height\":\"desktop:24px;\"}'  style=\"color:#dd3333;\">Raison 2 : Le temps<\/h3><div class=\"icon_description_text ult-responsive\"  data-ultimate-target='#Info-list-wrap-9438 .icon_description_text'  data-responsive-json-new='{\"font-size\":\"desktop:13px;\",\"line-height\":\"desktop:18px;\"}'  style=\"\"><p style=\"text-align: justify;\">En utilisant l\u2019option Booking in advance, <strong>gagnez du temps et \u00e9conomisez une \u00e9nergie consid\u00e9rable<\/strong>. En effet, vous n\u2019avez plus besoin de vous d\u00e9placer pendant des jours ou des semaines pour visiter de nombreux biens. Avec Booking in advance, vous avez la possibilit\u00e9 de prendre la d\u00e9cision de louer le bien que vous aimez avant d\u2019arriver en Pologne, dans un d\u00e9lai rapide.<\/p>\n<\/div><\/div><div class=\"icon_list_connector\" data-animation=\"fadeInLeft\" data-animation-delay=\"03\" style=\"border-top-width: 1px;border-top-style: dashed;border-color: #dd3333;\"><\/div><\/li><li class=\"icon_list_item\" style=\" font-size:72px;\"><div class=\"icon_list_icon\" data-animation=\"\" data-animation-delay=\"03\" style=\"font-size:24px;border-width:2px;border-style:solid;background:#ffffff;color:#b7b7b7;border-color:#dd3333;\"><i class=\"Defaults-money\" ><\/i><\/div><div class=\"icon_description\" id=\"Info-list-wrap-3071\" style=\"font-size:24px;\"><h3 class=\"ult-responsive\"  data-ultimate-target='#Info-list-wrap-3071 h3'  data-responsive-json-new='{\"font-size\":\"desktop:16px;\",\"line-height\":\"desktop:24px;\"}'  style=\"color:#dd3333;\">Raison 3 : L\u2019argent<\/h3><div class=\"icon_description_text ult-responsive\"  data-ultimate-target='#Info-list-wrap-3071 .icon_description_text'  data-responsive-json-new='{\"font-size\":\"desktop:13px;\",\"line-height\":\"desktop:18px;\"}'  style=\"\"><p style=\"text-align: justify;\">Plus besoin de d\u00e9penser votre argent en dormant dans des h\u00f4tels, ou en prenant taxis ou autres moyens de transport pour vous d\u00e9placer lors de vos\u00a0visites. Booking in advance, c\u2019est un v\u00e9ritable <strong>gain d\u2019argent<\/strong>.<\/p>\n<\/div><\/div><div class=\"icon_list_connector\" data-animation=\"fadeInLeft\" data-animation-delay=\"03\" style=\"border-top-width: 1px;border-top-style: dashed;border-color: #dd3333;\"><\/div><\/li><\/ul><\/div>[\/vc_column][\/vc_row][vc_row][vc_column width=\u00a0\u00bb1\/2&Prime;][vc_column_text]<\/p>\n<h2>Comment fonctionne l\u2019option Booking in advance\u00a0?<\/h2>\n<hr \/>\n<p style=\"text-align: justify;\">Vous souhaitez r\u00e9server votre futur logement pour ne pas avoir \u00e0 vous en pr\u00e9occuper lors de votre arriv\u00e9e en Pologne\u00a0? Rien de plus facile. Notre \u00e9quipe d\u2019agents immobiliers mettra tout en \u0153uvre pour satisfaire vos exigences.<\/p>\n<p style=\"text-align: justify;\">Le fonctionnement de Booking in advance est simple. Vous avez seulement \u00e0 suivre ces <span style=\"color: #ff0000;\">4 \u00e9tapes\u00a0:<\/span><\/p>\n<p>[\/vc_column_text]<div class=\"smile_icon_list_wrap ult_info_list_container ult-adjust-bottom-margin   info_list\"><ul class=\"smile_icon_list left circle with_bg\"><li class=\"icon_list_item\" style=\" font-size:72px;\"><div class=\"icon_list_icon\" data-animation=\"\" data-animation-delay=\"03\" style=\"font-size:24px;border-width:2px;border-style:solid;background:#ffffff;color:#dd3333;border-color:#dd3333;\"><img class=\"list-img-icon\" alt=\"booking in advance poland\" src=\"https:\/\/rentflatpoland.com\/wp-content\/uploads\/2017\/02\/test-1.png\"\/><\/div><div class=\"icon_description\" id=\"Info-list-wrap-2969\" style=\"font-size:24px;\"><h3 class=\"ult-responsive\"  data-ultimate-target='#Info-list-wrap-2969 h3'  data-responsive-json-new='{\"font-size\":\"desktop:16px;\",\"line-height\":\"desktop:24px;\"}'  style=\"color:#dd3333;\">Etape 1 : S\u00e9lectionnez le bien de vos r\u00eaves<\/h3><div class=\"icon_description_text ult-responsive\"  data-ultimate-target='#Info-list-wrap-2969 .icon_description_text'  data-responsive-json-new='{\"font-size\":\"desktop:13px;\",\"line-height\":\"desktop:18px;\"}'  style=\"\"><p style=\"text-align: justify;\">Tout d\u2019abord, notre \u00e9quipe pr\u00e9parera <strong>une s\u00e9lection des biens qui respectent tous vos crit\u00e8res de location<\/strong>. Vous recevrez cette s\u00e9lection par e-mail \u2013 avec toutes les informations pratiques (emplacement, prix, photos\u2026). Vous n\u2019aurez qu\u2019\u00e0 choisir le bien que vous pr\u00e9f\u00e9rez\u00a0! Vous d\u00e9sirez plus d\u2019informations, plus de photos, une vid\u00e9o\u00a0? Pas de soucis, nous vous les enverrons. Une fois que vous avez choisi votre logement, <strong>nous nous occuperons de tout avec le propri\u00e9taire.<\/strong><\/p>\n<\/div><\/div><div class=\"icon_list_connector\"  style=\"border-right-width: 1px;border-right-style: dashed;border-color: #dd3333;\"><\/div><\/li><li class=\"icon_list_item\" style=\" font-size:72px;\"><div class=\"icon_list_icon\" data-animation=\"\" data-animation-delay=\"03\" style=\"font-size:24px;border-width:2px;border-style:solid;background:#ffffff;color:#dd3333;border-color:#dd3333;\"><img class=\"list-img-icon\" alt=\"booking in advance poland\" src=\"https:\/\/rentflatpoland.com\/wp-content\/uploads\/2017\/02\/deux.png\"\/><\/div><div class=\"icon_description\" id=\"Info-list-wrap-9990\" style=\"font-size:24px;\"><h3 class=\"ult-responsive\"  data-ultimate-target='#Info-list-wrap-9990 h3'  data-responsive-json-new='{\"font-size\":\"desktop:16px;\",\"line-height\":\"desktop:24px;\"}'  style=\"color:#dd3333;\">Etape 2 : Signez le contrat de location<\/h3><div class=\"icon_description_text ult-responsive\"  data-ultimate-target='#Info-list-wrap-9990 .icon_description_text'  data-responsive-json-new='{\"font-size\":\"desktop:13px;\",\"line-height\":\"desktop:18px;\"}'  style=\"\"><p style=\"text-align: justify;\">Ensuite, nous vous enverrons <strong>le contrat r\u00e9dig\u00e9 \u00e0 la fois en anglais et en polonais<\/strong>, stipulant toutes les conditions de la location. Lisez-le, et si vous confirmez, nous aurons simplement besoin d\u2019une copie de votre passeport ou de votre carte d\u2019identit\u00e9 pour enregistrer vos informations. Il ne vous reste plus qu\u2019\u00e0 signer le contrat et nous le renvoyer. <strong>Tout ce processus est r\u00e9alis\u00e9 par scan \u00e9videmment.<\/strong><\/p>\n<\/div><\/div><div class=\"icon_list_connector\"  style=\"border-right-width: 1px;border-right-style: dashed;border-color: #dd3333;\"><\/div><\/li><li class=\"icon_list_item\" style=\" font-size:72px;\"><div class=\"icon_list_icon\" data-animation=\"\" data-animation-delay=\"03\" style=\"font-size:24px;border-width:2px;border-style:solid;background:#ffffff;color:#dd3333;border-color:#dd3333;\"><img class=\"list-img-icon\" alt=\"booking in advance poland\" src=\"https:\/\/rentflatpoland.com\/wp-content\/uploads\/2017\/02\/trois.png\"\/><\/div><div class=\"icon_description\" id=\"Info-list-wrap-2932\" style=\"font-size:24px;\"><h3 class=\"ult-responsive\"  data-ultimate-target='#Info-list-wrap-2932 h3'  data-responsive-json-new='{\"font-size\":\"desktop:16px;\",\"line-height\":\"desktop:24px;\"}'  style=\"color:#dd3333;\">Etape 3 : S\u00e9curisez la r\u00e9servation<\/h3><div class=\"icon_description_text ult-responsive\"  data-ultimate-target='#Info-list-wrap-2932 .icon_description_text'  data-responsive-json-new='{\"font-size\":\"desktop:13px;\",\"line-height\":\"desktop:18px;\"}'  style=\"\"><p style=\"text-align: justify;\">Finalement, une fois que<strong> le contrat est sign\u00e9 par les deux parties<\/strong>, afin de s\u00e9curiser la r\u00e9servation, vous devrez envoyer <strong>la caution de location par virement bancaire.<\/strong> Pas d\u2019inqui\u00e9tudes \u00e0 avoir concernant nos frais d\u2019agence, vous pourrez les r\u00e9gler une fois arriv\u00e9 en Pologne.<\/p>\n<\/div><\/div><div class=\"icon_list_connector\"  style=\"border-right-width: 1px;border-right-style: dashed;border-color: #dd3333;\"><\/div><\/li><li class=\"icon_list_item\" style=\" font-size:72px;\"><div class=\"icon_list_icon\" data-animation=\"\" data-animation-delay=\"03\" style=\"font-size:24px;border-width:2px;border-style:solid;background:#ffffff;color:#dd3333;border-color:#dd3333;\"><img class=\"list-img-icon\" alt=\"booking in advance poland\" src=\"https:\/\/rentflatpoland.com\/wp-content\/uploads\/2017\/02\/quatre.png\"\/><\/div><div class=\"icon_description\" id=\"Info-list-wrap-2070\" style=\"font-size:24px;\"><h3 class=\"ult-responsive\"  data-ultimate-target='#Info-list-wrap-2070 h3'  data-responsive-json-new='{\"font-size\":\"desktop:16px;\",\"line-height\":\"desktop:24px;\"}'  style=\"color:#dd3333;\">Etape 4: Votre arriv\u00e9e en Pologne<\/h3><div class=\"icon_description_text ult-responsive\"  data-ultimate-target='#Info-list-wrap-2070 .icon_description_text'  data-responsive-json-new='{\"font-size\":\"desktop:13px;\",\"line-height\":\"desktop:18px;\"}'  style=\"\"><p style=\"text-align: justify;\">Enfin arriv\u00e9 dans votre appartement, nous vous donnerons les clefs, ferons l\u2019\u00e9tat des lieux d\u2019entr\u00e9e avec vous et le propri\u00e9taire et signerons le protocole. S\u2019il n\u2019y a pas de wi-fi, nous pourrons \u00e9galement vous aider \u00e0 l\u2019installer. Si vous avez des questions, n\u2019h\u00e9sitez pas \u00e0 <a href=\"http:\/\/rentflatpoland.com\/fr\/contact-us\/\" target=\"_blank\">nous contacter ici<\/a>, ou \u00e0 remplir le formulaire sur le c\u00f4t\u00e9 droit.<\/p>\n<\/div><\/div><div class=\"icon_list_connector\"  style=\"border-right-width: 1px;border-right-style: dashed;border-color: #dd3333;\"><\/div><\/li><\/ul><\/div>[\/vc_column][vc_column width=\u00a0\u00bb1\/2&Prime;][vc_column_text]<\/p>\n<h2>Remplissez le formulaire suivant\u00a0:<\/h2>\n<hr \/>\n<div class=\"wpcf7 no-js\" id=\"wpcf7-f25309-o1\" lang=\"en-US\" dir=\"ltr\">\n<div class=\"screen-reader-response\"><p role=\"status\" aria-live=\"polite\" aria-atomic=\"true\"><\/p> <ul><\/ul><\/div>\n<form action=\"\/fr\/wp-json\/wp\/v2\/pages\/25143#wpcf7-f25309-o1\" method=\"post\" class=\"wpcf7-form init\" aria-label=\"Contact form\" novalidate=\"novalidate\" data-status=\"init\">\n<div style=\"display: none;\">\n<input type=\"hidden\" name=\"_wpcf7\" value=\"25309\" \/>\n<input type=\"hidden\" name=\"_wpcf7_version\" value=\"5.7.7\" \/>\n<input type=\"hidden\" name=\"_wpcf7_locale\" value=\"en_US\" \/>\n<input type=\"hidden\" name=\"_wpcf7_unit_tag\" value=\"wpcf7-f25309-o1\" \/>\n<input type=\"hidden\" name=\"_wpcf7_container_post\" value=\"0\" \/>\n<input type=\"hidden\" name=\"_wpcf7_posted_data_hash\" value=\"\" \/>\n<\/div>\n<p> Nombre de chambre? (obligatoire)\n<\/p>\n<p><span class=\"wpcf7-form-control-wrap\" data-name=\"Number\"><input class=\"wpcf7-form-control wpcf7-number wpcf7-validates-as-required wpcf7-validates-as-number\" min=\"1\" max=\"15\" aria-required=\"true\" aria-invalid=\"false\" value=\"1\" type=\"number\" name=\"Number\" \/><\/span>\n<\/p>\n<p> Quelle ville? (obligatoire)\n<\/p>\n<p><span class=\"wpcf7-form-control-wrap\" data-name=\"menu-939\"><select class=\"wpcf7-form-control wpcf7-select wpcf7-validates-as-required\" aria-required=\"true\" aria-invalid=\"false\" name=\"menu-939\"><option value=\"\">&#8212;Please choose an option&#8212;<\/option><option value=\"Varsovie\">Varsovie<\/option><option value=\"Wroclaw\">Wroclaw<\/option><option value=\"Cracovie\">Cracovie<\/option><option value=\"Poznan\">Poznan<\/option><option value=\"Lodz\">Lodz<\/option><option value=\"Gdansk\">Gdansk<\/option><option value=\"Gdynia\">Gdynia<\/option><option value=\"Sopot\">Sopot<\/option><option value=\"Katowice\">Katowice<\/option><option value=\"Szczecin\">Szczecin<\/option><\/select><\/span>\n<\/p>\n<p> Raison de votre s\u00e9jour? (obligatoire)\n<\/p>\n<p><span class=\"wpcf7-form-control-wrap\" data-name=\"menu-494\"><select class=\"wpcf7-form-control wpcf7-select wpcf7-validates-as-required\" aria-required=\"true\" aria-invalid=\"false\" name=\"menu-494\"><option value=\"\">&#8212;Please choose an option&#8212;<\/option><option value=\"Travail\">Travail<\/option><option value=\"Business\">Business<\/option><option value=\"\u00c9tude\">\u00c9tude<\/option><option value=\"Erasmus Exchange\">Erasmus Exchange<\/option><option value=\"Autres\">Autres<\/option><\/select><\/span>\n<\/p>\n<p> A partir de quand? (obligatoire)\n<\/p>\n<p><span class=\"wpcf7-form-control-wrap\" data-name=\"menu-299\"><select class=\"wpcf7-form-control wpcf7-select wpcf7-validates-as-required\" aria-required=\"true\" aria-invalid=\"false\" name=\"menu-299\"><option value=\"\">&#8212;Please choose an option&#8212;<\/option><option value=\"Janvier\">Janvier<\/option><option value=\"F\u00e9vrier\">F\u00e9vrier<\/option><option value=\"Mars\">Mars<\/option><option value=\"Avril\">Avril<\/option><option value=\"Mai\">Mai<\/option><option value=\"Juin\">Juin<\/option><option value=\"Juillet\">Juillet<\/option><option value=\"Ao\u00fbt\">Ao\u00fbt<\/option><option value=\"Septembre\">Septembre<\/option><option value=\"Octobre\">Octobre<\/option><option value=\"Novembre\">Novembre<\/option><option value=\"Decembre\">Decembre<\/option><\/select><\/span>\n<\/p>\n<p> Pour combien de temps? (obligatoire)\n<\/p>\n<p><span class=\"wpcf7-form-control-wrap\" data-name=\"menu-882\"><select class=\"wpcf7-form-control wpcf7-select wpcf7-validates-as-required\" aria-required=\"true\" aria-invalid=\"false\" name=\"menu-882\"><option value=\"\">&#8212;Please choose an option&#8212;<\/option><option value=\"Moins de 6 mois\">Moins de 6 mois<\/option><option value=\"De 6 mois \u00e0 12 mois\">De 6 mois \u00e0 12 mois<\/option><option value=\"Plus de 12 mois\">Plus de 12 mois<\/option><\/select><\/span>\n<\/p>\n<p> Votre nom et pr\u00e9nom (obligatoire)\n<\/p>\n<p><span class=\"wpcf7-form-control-wrap\" data-name=\"your-name\"><input size=\"40\" class=\"wpcf7-form-control wpcf7-text wpcf7-validates-as-required\" aria-required=\"true\" aria-invalid=\"false\" value=\"\" type=\"text\" name=\"your-name\" \/><\/span>\n<\/p>\n<p> Votre adresse email (obligatoire)\n<\/p>\n<p><span class=\"wpcf7-form-control-wrap\" data-name=\"your-email\"><input size=\"40\" class=\"wpcf7-form-control wpcf7-text wpcf7-email wpcf7-validates-as-required wpcf7-validates-as-email\" aria-required=\"true\" aria-invalid=\"false\" value=\"\" type=\"email\" name=\"your-email\" \/><\/span>\n<\/p>\n<p> Votre num\u00e9ro de t\u00e9l\u00e9phone (obligatoire)\n<\/p>\n<p><span class=\"wpcf7-form-control-wrap\" data-name=\"tel-443\"><input size=\"40\" class=\"wpcf7-form-control wpcf7-text wpcf7-tel wpcf7-validates-as-required wpcf7-validates-as-tel\" aria-required=\"true\" aria-invalid=\"false\" placeholder=\"\" value=\"\" type=\"tel\" name=\"tel-443\" \/><\/span>\n<\/p>\n<div id=\"cf7sr-69d6a6362103a\" class=\"cf7sr-g-recaptcha\" data-theme=\"light\" data-type=\"image\" data-size=\"normal\" data-sitekey=\"6LeQljAUAAAAAG8lnZdsYveq7hP_CgWM9RXoqbvx\"><\/div><span class=\"wpcf7-form-control-wrap cf7sr-recaptcha\" data-name=\"cf7sr-recaptcha\"><input type=\"hidden\" name=\"cf7sr-recaptcha\" value=\"\" class=\"wpcf7-form-control\"><\/span>\n<\/p>\n<p><input class=\"wpcf7-form-control has-spinner wpcf7-submit\" type=\"submit\" value=\"Envoyer\" \/>\n<\/p><div class=\"wpcf7-response-output\" aria-hidden=\"true\"><\/div>\n<\/form>\n<\/div>\n[\/vc_column_text][\/vc_column][\/vc_row]<\/p>\n","protected":false},"excerpt":{"rendered":"<p>[vc_row][vc_column][\/vc_column][\/vc_row][vc_row][vc_column width=\u00a0\u00bb1\/2&Prime;][vc_column_text] Comment fonctionne l\u2019option Booking in advance\u00a0? Vous souhaitez r\u00e9server votre futur logement pour ne pas avoir \u00e0 vous en pr\u00e9occuper lors de votre arriv\u00e9e en Pologne\u00a0? Rien de plus facile. Notre \u00e9quipe d\u2019agents immobiliers mettra tout en \u0153uvre pour satisfaire vos exigences. Le fonctionnement de Booking in advance est simple. Vous avez seulement \u00e0 suivre ces 4 \u00e9tapes\u00a0: [\/vc_column_text][\/vc_column][vc_column width=\u00a0\u00bb1\/2&Prime;][vc_column_text] Remplissez le &#8230;<\/p>\n","protected":false},"author":777,"featured_media":0,"parent":0,"menu_order":0,"comment_status":"closed","ping_status":"closed","template":"","meta":[],"yoast_head":"<!-- This site is optimized with the Yoast SEO Premium plugin v20.3 (Yoast SEO v20.3) - https:\/\/yoast.com\/wordpress\/plugins\/seo\/ -->\n<title>Booking in advance - Flats for rent, find your home in Poland<\/title>\n<meta name=\"description\" content=\"Find your home in Poland in a very easy and safe way. Booking in advance permits you to get a added security, by following few steps only.\" \/>\n<meta name=\"robots\" content=\"index, follow, max-snippet:-1, max-image-preview:large, max-video-preview:-1\" \/>\n<link rel=\"canonical\" href=\"https:\/\/rentflatpoland.com\/fr\/booking-in-advance\/\" \/>\n<meta property=\"og:locale\" content=\"fr_FR\" \/>\n<meta property=\"og:type\" content=\"article\" \/>\n<meta property=\"og:title\" content=\"Booking in advance\" \/>\n<meta property=\"og:description\" content=\"Find your home in Poland in a very easy and safe way. Booking in advance permits you to get a added security, by following few steps only.\" \/>\n<meta property=\"og:url\" content=\"https:\/\/rentflatpoland.com\/fr\/booking-in-advance\/\" \/>\n<meta property=\"article:publisher\" content=\"https:\/\/www.facebook.com\/rentflatpoland\/\" \/>\n<meta property=\"article:modified_time\" content=\"2017-03-26T14:19:36+00:00\" \/>\n<meta name=\"twitter:label1\" content=\"Est. reading time\" \/>\n\t<meta name=\"twitter:data1\" content=\"4 minutes\" \/>\n<script type=\"application\/ld+json\" class=\"yoast-schema-graph\">{\"@context\":\"https:\/\/schema.org\",\"@graph\":[{\"@type\":\"WebPage\",\"@id\":\"https:\/\/rentflatpoland.com\/fr\/booking-in-advance\/\",\"url\":\"https:\/\/rentflatpoland.com\/fr\/booking-in-advance\/\",\"name\":\"Booking in advance - Flats for rent, find your home in Poland\",\"isPartOf\":{\"@id\":\"https:\/\/rentflatpoland.com\/it\/#website\"},\"datePublished\":\"2017-02-10T10:33:43+00:00\",\"dateModified\":\"2017-03-26T14:19:36+00:00\",\"description\":\"Find your home in Poland in a very easy and safe way. Booking in advance permits you to get a added security, by following few steps only.\",\"breadcrumb\":{\"@id\":\"https:\/\/rentflatpoland.com\/fr\/booking-in-advance\/#breadcrumb\"},\"inLanguage\":\"fr-FR\",\"potentialAction\":[{\"@type\":\"ReadAction\",\"target\":[\"https:\/\/rentflatpoland.com\/fr\/booking-in-advance\/\"]}]},{\"@type\":\"BreadcrumbList\",\"@id\":\"https:\/\/rentflatpoland.com\/fr\/booking-in-advance\/#breadcrumb\",\"itemListElement\":[{\"@type\":\"ListItem\",\"position\":1,\"name\":\"Home\",\"item\":\"https:\/\/rentflatpoland.com\/fr\/\"},{\"@type\":\"ListItem\",\"position\":2,\"name\":\"Booking in advance\"}]},{\"@type\":\"WebSite\",\"@id\":\"https:\/\/rentflatpoland.com\/it\/#website\",\"url\":\"https:\/\/rentflatpoland.com\/it\/\",\"name\":\"\",\"description\":\"\",\"potentialAction\":[{\"@type\":\"SearchAction\",\"target\":{\"@type\":\"EntryPoint\",\"urlTemplate\":\"https:\/\/rentflatpoland.com\/it\/?s={search_term_string}\"},\"query-input\":\"required name=search_term_string\"}],\"inLanguage\":\"fr-FR\"}]}<\/script>\n<!-- \/ Yoast SEO Premium plugin. -->","yoast_head_json":{"title":"Booking in advance - Flats for rent, find your home in Poland","description":"Find your home in Poland in a very easy and safe way. Booking in advance permits you to get a added security, by following few steps only.","robots":{"index":"index","follow":"follow","max-snippet":"max-snippet:-1","max-image-preview":"max-image-preview:large","max-video-preview":"max-video-preview:-1"},"canonical":"https:\/\/rentflatpoland.com\/fr\/booking-in-advance\/","og_locale":"fr_FR","og_type":"article","og_title":"Booking in advance","og_description":"Find your home in Poland in a very easy and safe way. Booking in advance permits you to get a added security, by following few steps only.","og_url":"https:\/\/rentflatpoland.com\/fr\/booking-in-advance\/","article_publisher":"https:\/\/www.facebook.com\/rentflatpoland\/","article_modified_time":"2017-03-26T14:19:36+00:00","twitter_misc":{"Est. reading time":"4 minutes"},"schema":{"@context":"https:\/\/schema.org","@graph":[{"@type":"WebPage","@id":"https:\/\/rentflatpoland.com\/fr\/booking-in-advance\/","url":"https:\/\/rentflatpoland.com\/fr\/booking-in-advance\/","name":"Booking in advance - Flats for rent, find your home in Poland","isPartOf":{"@id":"https:\/\/rentflatpoland.com\/it\/#website"},"datePublished":"2017-02-10T10:33:43+00:00","dateModified":"2017-03-26T14:19:36+00:00","description":"Find your home in Poland in a very easy and safe way. Booking in advance permits you to get a added security, by following few steps only.","breadcrumb":{"@id":"https:\/\/rentflatpoland.com\/fr\/booking-in-advance\/#breadcrumb"},"inLanguage":"fr-FR","potentialAction":[{"@type":"ReadAction","target":["https:\/\/rentflatpoland.com\/fr\/booking-in-advance\/"]}]},{"@type":"BreadcrumbList","@id":"https:\/\/rentflatpoland.com\/fr\/booking-in-advance\/#breadcrumb","itemListElement":[{"@type":"ListItem","position":1,"name":"Home","item":"https:\/\/rentflatpoland.com\/fr\/"},{"@type":"ListItem","position":2,"name":"Booking in advance"}]},{"@type":"WebSite","@id":"https:\/\/rentflatpoland.com\/it\/#website","url":"https:\/\/rentflatpoland.com\/it\/","name":"","description":"","potentialAction":[{"@type":"SearchAction","target":{"@type":"EntryPoint","urlTemplate":"https:\/\/rentflatpoland.com\/it\/?s={search_term_string}"},"query-input":"required name=search_term_string"}],"inLanguage":"fr-FR"}]}},"_links":{"self":[{"href":"https:\/\/rentflatpoland.com\/fr\/wp-json\/wp\/v2\/pages\/25143"}],"collection":[{"href":"https:\/\/rentflatpoland.com\/fr\/wp-json\/wp\/v2\/pages"}],"about":[{"href":"https:\/\/rentflatpoland.com\/fr\/wp-json\/wp\/v2\/types\/page"}],"author":[{"embeddable":true,"href":"https:\/\/rentflatpoland.com\/fr\/wp-json\/wp\/v2\/users\/777"}],"replies":[{"embeddable":true,"href":"https:\/\/rentflatpoland.com\/fr\/wp-json\/wp\/v2\/comments?post=25143"}],"version-history":[{"count":0,"href":"https:\/\/rentflatpoland.com\/fr\/wp-json\/wp\/v2\/pages\/25143\/revisions"}],"wp:attachment":[{"href":"https:\/\/rentflatpoland.com\/fr\/wp-json\/wp\/v2\/media?parent=25143"}],"curies":[{"name":"wp","href":"https:\/\/api.w.org\/{rel}","templated":true}]}}